{"id":119,"date":"2023-12-13T14:27:17","date_gmt":"2023-12-13T13:27:17","guid":{"rendered":"https:\/\/illustration.tada-o.de\/?page_id=119"},"modified":"2025-11-27T15:43:24","modified_gmt":"2025-11-27T14:43:24","slug":"home","status":"publish","type":"page","link":"https:\/\/dmg-web.de\/sektion-semitistik\/","title":{"rendered":"Home"},"content":{"rendered":"","protected":false},"excerpt":{"rendered":"","protected":false},"author":2,"featured_media":0,"parent":0,"menu_order":2,"comment_status":"closed","ping_status":"closed","template":"","meta":[],"class_list":["post-119","page","type-page","status-publish","hentry"],"grid":"{\r\n  \"colCount\": 3,\r\n  \"colGutter\": 1,\r\n  \"rowGutters\": [\r\n    2,\r\n    1\r\n  ],\r\n  \"frameMargin\": 5,\r\n  \"leftFrameMargin\": 15,\r\n  \"rightFrameMargin\": 0,\r\n  \"topFrameMargin\": 0,\r\n  \"mus\": {\r\n    \"colGutterMu\": \"%\",\r\n    \"rowGutterMu\": \"%\",\r\n    \"topFrameMu\": \"px\",\r\n    \"bottomFrameMu\": \"%\",\r\n    \"frameMu\": \"%\"\r\n  },\r\n  \"bottomFrameMargin\": 5,\r\n  \"rowAttrs\": [\r\n    {\r\n      \"bgimage\": {\r\n        \"attid\": 1764,\r\n        \"url\": \"\/wp-content\/uploads\/sites\/5\/2025\/11\/syriac.bowl_.jpg\",\r\n        \"sizes\": {\r\n          \"_1920\": {\r\n            \"w\": 1920,\r\n            \"h\": 2003,\r\n            \"url\": \"\/wp-content\/uploads\/sites\/5\/2025\/11\/syriac.bowl_-1920x2003.jpg\"\r\n          },\r\n          \"_1280\": {\r\n            \"w\": 1280,\r\n            \"h\": 1336,\r\n            \"url\": \"\/wp-content\/uploads\/sites\/5\/2025\/11\/syriac.bowl_-1280x1336.jpg\"\r\n          },\r\n          \"_1024\": {\r\n            \"w\": 1024,\r\n            \"h\": 1069,\r\n            \"url\": \"\/wp-content\/uploads\/sites\/5\/2025\/11\/syriac.bowl_-1024x1069.jpg\"\r\n          },\r\n          \"_768\": {\r\n            \"w\": 768,\r\n            \"h\": 801,\r\n            \"url\": \"\/wp-content\/uploads\/sites\/5\/2025\/11\/syriac.bowl_-768x801.jpg\"\r\n          },\r\n          \"_512\": {\r\n            \"w\": 512,\r\n            \"h\": 534,\r\n            \"url\": \"\/wp-content\/uploads\/sites\/5\/2025\/11\/syriac.bowl_-512x534.jpg\"\r\n          },\r\n          \"_265\": {\r\n            \"w\": 265,\r\n            \"h\": 277,\r\n            \"url\": \"\/wp-content\/uploads\/sites\/5\/2025\/11\/syriac.bowl_-265x277.jpg\"\r\n          }\r\n        }\r\n      },\r\n      \"bgimageopacity\": 100,\r\n      \"relid\": 20\r\n    },\r\n    {\r\n      \"relid\": 10\r\n    },\r\n    {\r\n      \"relid\": 2\r\n    }\r\n  ],\r\n  \"bgColor\": null,\r\n  \"bgImage\": null,\r\n  \"cont\": [\r\n    {\r\n      \"type\": \"img\",\r\n      \"cont\": \"\/wp-content\/uploads\/sites\/5\/2024\/12\/dmg_logo_sektion_semitistik_shadow.png\",\r\n      \"align\": \"top\",\r\n      \"row\": 0,\r\n      \"col\": 0,\r\n      \"colspan\": 2,\r\n      \"offsetx\": 0,\r\n      \"offsety\": 0,\r\n      \"spaceabove\": 5,\r\n      \"spacebelow\": 5,\r\n      \"yvel\": 1,\r\n      \"push\": 0,\r\n      \"relid\": 7,\r\n      \"attid\": 1729,\r\n      \"sizes\": {\r\n        \"full\": \"\/wp-content\/uploads\/sites\/5\/2024\/12\/dmg_logo_sektion_semitistik_shadow.png\",\r\n        \"_1280\": \"\/wp-content\/uploads\/sites\/5\/2024\/12\/dmg_logo_sektion_semitistik_shadow-1280x272.png\",\r\n        \"_1024\": \"\/wp-content\/uploads\/sites\/5\/2024\/12\/dmg_logo_sektion_semitistik_shadow-1024x218.png\",\r\n        \"_768\": \"\/wp-content\/uploads\/sites\/5\/2024\/12\/dmg_logo_sektion_semitistik_shadow-768x163.png\",\r\n        \"_512\": \"\/wp-content\/uploads\/sites\/5\/2024\/12\/dmg_logo_sektion_semitistik_shadow-512x109.png\",\r\n        \"_265\": \"\/wp-content\/uploads\/sites\/5\/2024\/12\/dmg_logo_sektion_semitistik_shadow-265x56.png\"\r\n      },\r\n      \"w\": 1600,\r\n      \"h\": 340,\r\n      \"ar\": 0.2125,\r\n      \"alt\": \"\",\r\n      \"absolute_position\": false,\r\n      \"lightboxoff\": true,\r\n      \"frameOverflow\": \"\"\r\n    },\r\n    {\r\n      \"type\": \"hr\",\r\n      \"cont\": \"\",\r\n      \"align\": \"top\",\r\n      \"row\": 1,\r\n      \"col\": 0,\r\n      \"colspan\": 1,\r\n      \"offsetx\": 0,\r\n      \"offsety\": 0,\r\n      \"spaceabove\": 0,\r\n      \"spacebelow\": 0,\r\n      \"yvel\": 1,\r\n      \"push\": 0,\r\n      \"relid\": 11,\r\n      \"absolute_position\": false,\r\n      \"zIndex\": 3,\r\n      \"classes\": \"deco-line\",\r\n      \"frameOverflow\": \"\"\r\n    },\r\n    {\r\n      \"type\": \"text\",\r\n      \"cont\": \"<h1 class=\\\"_Headline\\\"><span>\u00dcber uns<\/span><\/h1><p>Die Sektion Semitistik der DMG f\u00f6rdert Forschung, Lehre und wissenschaftlichen Austausch zu den semitischen Sprachen und ihren Literaturen von der Antike bis zur Gegenwart. Sie unterst\u00fctzt die Organisation semitistischer Beitr\u00e4ge auf dem Deutschen Orientalistentag, veranstaltet eigene Fachtreffen zwischen den Kongressen und dient als Forum f\u00fcr methodische, didaktische und fachpolitische Fragen. <br \/><br \/>Die Sektion vernetzt Wissenschaftler*innen aus dem In- und Ausland, f\u00f6rdert den Nachwuchs und vertritt die Interessen der Semitistik innerhalb der DMG sowie gegen\u00fcber akademischen Einrichtungen. Eine Mitgliedschaft steht allen DMG-Mitgliedern offen, die dies w\u00fcnschen.<\/p>\",\r\n      \"align\": \"top\",\r\n      \"row\": 2,\r\n      \"col\": 0,\r\n      \"colspan\": 2,\r\n      \"offsetx\": 0,\r\n      \"offsety\": 0,\r\n      \"spaceabove\": 0,\r\n      \"spacebelow\": 0,\r\n      \"yvel\": 1,\r\n      \"push\": 0,\r\n      \"relid\": 3,\r\n      \"absolute_position\": false,\r\n      \"zIndex\": 0\r\n    },\r\n    {\r\n      \"type\": \"news\",\r\n      \"cont\": \"\",\r\n      \"align\": \"top\",\r\n      \"row\": 2,\r\n      \"col\": 2,\r\n      \"colspan\": 1,\r\n      \"offsetx\": 0,\r\n      \"offsety\": 0,\r\n      \"spaceabove\": 0,\r\n      \"spacebelow\": 0,\r\n      \"yvel\": 1,\r\n      \"push\": 0,\r\n      \"relid\": 26,\r\n      \"config\": {\r\n        \"layout\": \"full\",\r\n        \"orderBy\": \"date\",\r\n        \"titleColor\": \"#000000\",\r\n        \"dateColor\": \"#000000\",\r\n        \"lineColor\": \"#FCFAF5\",\r\n        \"uniqueId\": 1731348665253,\r\n        \"title_textformat\": \"Default\",\r\n        \"show_title\": false,\r\n        \"date_textformat\": \"Default\",\r\n        \"excerpt_textformat\": \"Default\",\r\n        \"excerpt_spacetop\": 10,\r\n        \"separator_textformat\": \"Default\",\r\n        \"separator_text\": \"\u2013\",\r\n        \"separator_space\": 5,\r\n        \"line\": true,\r\n        \"space_below_line\": \"10\",\r\n        \"space_above_line\": \"10\",\r\n        \"show_separator\": false,\r\n        \"show_excerpt\": true,\r\n        \"show_date\": false,\r\n        \"date_format\": \"m.d.y\",\r\n        \"show_read_more\": true,\r\n        \"readmore_textformat\": \"Default\",\r\n        \"readmore_spacetop\": 0,\r\n        \"read_more_text\": \"Read more\u2026\",\r\n        \"read_more_underline\": true,\r\n        \"amount\": 0,\r\n        \"image_spaceright\": 10,\r\n        \"imageSpaceBottom\": 10,\r\n        \"show_date_first\": false,\r\n        \"cat_id\": 11,\r\n        \"desktop\": {\r\n          \"image_width\": 180,\r\n          \"colCount\": 4,\r\n          \"colGutter\": 20,\r\n          \"rowGutter\": 20,\r\n          \"colGutterMu\": \"px\",\r\n          \"rowGutterMu\": \"px\"\r\n        },\r\n        \"tablet\": {\r\n          \"image_width\": 150,\r\n          \"colCount\": 3,\r\n          \"colGutter\": 20,\r\n          \"rowGutter\": 20,\r\n          \"colGutterMu\": \"px\",\r\n          \"rowGutterMu\": \"px\"\r\n        },\r\n        \"phone\": {\r\n          \"image_width\": 100,\r\n          \"colCount\": 2,\r\n          \"colGutter\": 20,\r\n          \"rowGutter\": 20,\r\n          \"colGutterMu\": \"px\",\r\n          \"rowGutterMu\": \"px\"\r\n        },\r\n        \"columnsLayoutType\": \"top-aligned\",\r\n        \"showMoreButton\": false,\r\n        \"showMoreButtonStyle\": \"laybutton1\",\r\n        \"moreButtonText\": \"Load More\",\r\n        \"moreButtonAlignment\": \"center\",\r\n        \"moreButtonSpaceTop\": 10\r\n      },\r\n      \"absolute_position\": false,\r\n      \"classes\": \"bg-white pin-bar\",\r\n      \"textAnimation\": {\r\n        \"enableTextAnimation\": false\r\n      }\r\n    }\r\n  ]\r\n}","phonegrid":"","_links":{"self":[{"href":"https:\/\/dmg-web.de\/sektion-semitistik\/wp-json\/wp\/v2\/pages\/119","targetHints":{"allow":["GET"]}}],"collection":[{"href":"https:\/\/dmg-web.de\/sektion-semitistik\/wp-json\/wp\/v2\/pages"}],"about":[{"href":"https:\/\/dmg-web.de\/sektion-semitistik\/wp-json\/wp\/v2\/types\/page"}],"author":[{"embeddable":true,"href":"https:\/\/dmg-web.de\/sektion-semitistik\/wp-json\/wp\/v2\/users\/2"}],"replies":[{"embeddable":true,"href":"https:\/\/dmg-web.de\/sektion-semitistik\/wp-json\/wp\/v2\/comments?post=119"}],"version-history":[{"count":0,"href":"https:\/\/dmg-web.de\/sektion-semitistik\/wp-json\/wp\/v2\/pages\/119\/revisions"}],"wp:attachment":[{"href":"https:\/\/dmg-web.de\/sektion-semitistik\/wp-json\/wp\/v2\/media?parent=119"}],"curies":[{"name":"wp","href":"https:\/\/api.w.org\/{rel}","templated":true}]}}