{"id":348,"date":"2023-12-14T17:28:20","date_gmt":"2023-12-14T16:28:20","guid":{"rendered":"https:\/\/illustration.tada-o.de\/?page_id=348"},"modified":"2024-11-11T23:24:12","modified_gmt":"2024-11-11T22:24:12","slug":"impressum","status":"publish","type":"page","link":"https:\/\/dmg-web.de\/sektion-islamwissenschaft\/impressum\/","title":{"rendered":"Impressum"},"content":{"rendered":"","protected":false},"excerpt":{"rendered":"","protected":false},"author":2,"featured_media":0,"parent":0,"menu_order":27,"comment_status":"closed","ping_status":"closed","template":"","meta":[],"class_list":["post-348","page","type-page","status-publish","hentry"],"grid":"{\r\n  \"colCount\": 1,\r\n  \"colGutter\": 1,\r\n  \"rowGutters\": [\r\n    1,\r\n    2,\r\n    2\r\n  ],\r\n  \"frameMargin\": 5,\r\n  \"leftFrameMargin\": 15,\r\n  \"rightFrameMargin\": 10,\r\n  \"topFrameMargin\": 100,\r\n  \"mus\": {\r\n    \"colGutterMu\": \"%\",\r\n    \"rowGutterMu\": \"%\",\r\n    \"topFrameMu\": \"px\",\r\n    \"bottomFrameMu\": \"%\",\r\n    \"frameMu\": \"%\"\r\n  },\r\n  \"bottomFrameMargin\": 5,\r\n  \"rowAttrs\": [\r\n    {\r\n      \"relid\": 9\r\n    },\r\n    {\r\n      \"relid\": 3\r\n    },\r\n    {\r\n      \"relid\": 5\r\n    },\r\n    {\r\n      \"relid\": 7\r\n    }\r\n  ],\r\n  \"bgColor\": null,\r\n  \"bgImage\": null,\r\n  \"cont\": [\r\n    {\r\n      \"type\": \"hr\",\r\n      \"cont\": \"\",\r\n      \"align\": \"middle\",\r\n      \"row\": 0,\r\n      \"col\": 0,\r\n      \"colspan\": 1,\r\n      \"offsetx\": 0,\r\n      \"offsety\": 0,\r\n      \"spaceabove\": 0,\r\n      \"spacebelow\": 0,\r\n      \"yvel\": 1,\r\n      \"push\": 0,\r\n      \"relid\": 10,\r\n      \"absolute_position\": false,\r\n      \"classes\": \"deco-line\"\r\n    },\r\n    {\r\n      \"type\": \"text\",\r\n      \"cont\": \"<h1 class=\\\"_Headline\\\">Impressum und Datenschutz<\/h1>\",\r\n      \"align\": \"middle\",\r\n      \"row\": 1,\r\n      \"col\": 0,\r\n      \"colspan\": 1,\r\n      \"offsetx\": 0,\r\n      \"offsety\": 0,\r\n      \"spaceabove\": 0,\r\n      \"spacebelow\": 0,\r\n      \"yvel\": 1,\r\n      \"push\": 0,\r\n      \"relid\": 4,\r\n      \"absolute_position\": false\r\n    },\r\n    {\r\n      \"type\": \"text\",\r\n      \"cont\": \"<h2 class=\\\"_Headline_2\\\">Impressum<\/h2><p class=\\\"_Default\\\">Name und Sitz der Gesellschaft:<br \/>Deutsche Morgenl\u00e4ndische Gesellschaft, Halle \/ Saale<\/p><p class=\\\"_Default\\\">Registrierung:<br \/>Amtsgericht Halle-Saalkreis VR 2378<\/p><p class=\\\"_Default\\\">1. Vorsitzender:<br \/>Prof. Dr. Stefan Weninger<br \/>Philipps-Universit\u00e4t Marburg<br \/>Centrum f\u00fcr Nah- und Mittelost-Studien<br \/>Deutschhausstr. 12<br \/>35032 Marburg<\/p><p class=\\\"_Default\\\">Tel.: (06421) 2824792<br \/>E-mail:<span>\u00a0<\/span><a href=\\\"mailto:weninger@staff.uni-marburg.de\\\">weninger@staff.uni-marburg.de<\/a><\/p><p class=\\\"_Default\\\">2. Vorsitzender:<br \/>Prof. Philip Clart, Ph.D.<br \/>Universit\u00e4t Leipzig<br \/>Ostasiatisches Institut<br \/>Schillerstr. 6<br \/>04109 Leipzig<\/p><p class=\\\"_Default\\\">Tel.: (0341) 9737151<br \/>E-mail:<span>\u00a0<\/span><a href=\\\"mailto:clart@uni-leipzig.de\\\">clart@uni-leipzig.de<\/a><\/p><p class=\\\"_Default\\\">Gerichtsstand der Gesellschaft:<br \/>Halle \/ Saale<\/p><p class=\\\"_Default\\\">Inhaltlich Verantwortlicher gem\u00e4\u00df \u00a7 6 MDStV:<br \/>Prof. Dr. Stefan Weninger<br \/>Philipps-Universit\u00e4t Marburg<br \/>Centrum f\u00fcr Nah- und Mittelost-Studien<br \/>Deutschhausstr. 12<br \/>35032 Marburg<\/p><p class=\\\"_Default\\\">Tel.: (06421) 2824792<br \/>E-mail:<span>\u00a0<\/span><a href=\\\"mailto:weninger@staff.uni-marburg.de\\\">weninger@staff.uni-marburg.de<\/a><\/p>\",\r\n      \"align\": \"middle\",\r\n      \"row\": 2,\r\n      \"col\": 0,\r\n      \"colspan\": 1,\r\n      \"offsetx\": 0,\r\n      \"offsety\": 0,\r\n      \"spaceabove\": 0,\r\n      \"spacebelow\": 0,\r\n      \"yvel\": 1,\r\n      \"push\": 0,\r\n      \"relid\": 6,\r\n      \"absolute_position\": false\r\n    },\r\n    {\r\n      \"type\": \"text\",\r\n      \"cont\": \"<h2 class=\\\"_Headline_2\\\">Haftungsbeschr\u00e4nkung<\/h2><p class=\\\"_Default\\\">1. Allgemeines<br \/>Die DMG \u00fcbernimmt keinerlei Gew\u00e4hr f\u00fcr die Aktualit\u00e4t, Richtigkeit und Vollst\u00e4ndigkeit der bereitgestellten Informationen auf dieser Website. Haftungsanspr\u00fcche gegen die DMG, welche sich auf Sch\u00e4den materieller oder ideeller Art beziehen, die durch die Nutzung oder Nichtnutzung der dargebotenen Informationen bzw. durch die Nutzung fehlerhafter und unvollst\u00e4ndiger Informationen verursacht wurden, sind ausgeschlossen.<\/p><p class=\\\"_Default\\\">2. Externe Links<br \/>Die Webseite enth\u00e4lt externe Links (\u201eHyperlinks\u201c) zu anderen Webseiten, auf deren Inhalte die DMG keinen Einfluss hat. Daher kann keine Haftung f\u00fcr die Aktualit\u00e4t, Richtigkeit und Vollst\u00e4ndigkeit der Inhalte der fremden Webseite \u00fcbernommen werden. Zum Zeitpunkt des Setzens der Verlinkung waren keine rechtlichen Verst\u00f6\u00dfe bekannt. Bei Bekanntwerden einer solchen Rechtsverletzung wird der Link umgehend entfernt.<\/p><p class=\\\"_Default\\\">3. Urheberrecht<br \/>Die auf dieser Webseite ver\u00f6ffentlichten Inhalte, Werke und bereitgestellten Informationen unterliegen dem deutschen Urheberrecht. Jede Art der Vervielf\u00e4ltigung, Bearbeitung, Verbreitung, Einspeicherung und jede Art der Verwertung au\u00dferhalb der Grenzen des Urheberrechts bedarf der vorherigen schriftlichen Zustimmung des jeweiligen Rechteinhabers.<\/p><p class=\\\"_Default\\\">4. Datenschutz<\/p><p class=\\\"_Default\\\">4.1. Webseite\u00a0Die Nutzung der Webseite ist ohne Eingabe personenbezogener Daten wie z. B. Name oder E-Mail-Adresse m\u00f6glich. Beim Besuch der Webseite werden auch keinerlei personengebundenen Daten erfasst. Durch den Besuch dieser Website werden Informationen \u00fcber den Zugriff (IP-Adresse, Datum, Uhrzeit, betrachtete Seite) gespeichert. Diese Daten (Server-Logfiles) lassen keine R\u00fcckschl\u00fcsse auf Ihre Person zu. Diese Informationen fallen bei der Nutzung von Webangeboten zwingend an und werden sowohl f\u00fcr die korrekte Wiedergabe der Website sowie der Systemsicherheit genutzt. F\u00fcr folgende Zwecke werden sie verarbeitet: Sicherstellung eines problemlosen Verbindungsaufbaus sowie der reibungslosen Nutzung der Website, Sicherstellung der Systemintegrit\u00e4t und Abwehr von Angriffen. Eine Weitergabe dieser Daten an Dritte, zu kommerziellen oder nichtkommerziellen Zwecken, findet nicht statt. Wir weisen darauf hin, dass die Daten\u00fcbertragung im Internet (z.B. bei der Kommunikation per E-Mail) Sicherheitsl\u00fccken aufweisen kann. Ein l\u00fcckenloser Schutz der Daten vor dem Zugriff durch Dritte ist nicht m\u00f6glich.<\/p><p class=\\\"_Default\\\">4.2. Mitgliedsdaten<br \/>Bei der Aufnahme in die Gesellschaft werden von den Mitgliedern personengebundene Daten erhoben, die f\u00fcr die Verfolgung der Ziele der Gesellschaft erforderlich sind. Hierzu geh\u00f6ren der Name, die wissenschaftliche Institution, die Postanschrift und die E-Mail-Adresse sowie im Falle der Erteilung einer Einzugserm\u00e4chtigung die Bankverbindung des Mitglieds. Die Verarbeitung dieser Daten dient gem\u00e4\u00df Art. 6 (1) b) DSGVO dem Zwecke der Mitglieder- und Beitragsverwaltung sowie dem regelm\u00e4\u00dfigen Versand der Fachzeitschrift und erfolgt durch den Ersten Gesch\u00e4ftsf\u00fchrer sowie durch den Schatzmeister der Gesellschaft. Optiert ein Mitglied f\u00fcr eine der Fachsektionen innerhalb der DMG, werden die Kontaktdaten dieses Mitglieds zur Durchf\u00fchrung der Sektionsarbeit an den Sprecher der jeweiligen Sektion weitergegeben. Eine Weitergabe personenbezogener Daten zu kommerziellen wie nichtkommerziellen Zwecken an andere Personen oder Institutionen in- oder au\u00dferhalb der Gesellschaft findet nicht statt. Personengebundene Daten werden nur f\u00fcr die Dauer der Mitgliedschaft gespeichert und bei Beendigung der Mitgliedschaft gel\u00f6scht. Jedes Mitglied ist berechtigt, beim Ersten Gesch\u00e4ftsf\u00fchrer bzw. dem Schatzmeister Auskunft \u00fcber die verarbeiteten personenbezogenen Daten zu erhalten und Widerspruch gegen die Verarbeitung einzelner Daten einzulegen.<\/p>\",\r\n      \"align\": \"middle\",\r\n      \"row\": 3,\r\n      \"col\": 0,\r\n      \"colspan\": 1,\r\n      \"offsetx\": 0,\r\n      \"offsety\": 0,\r\n      \"spaceabove\": 0,\r\n      \"spacebelow\": 0,\r\n      \"yvel\": 1,\r\n      \"push\": 0,\r\n      \"relid\": 8,\r\n      \"absolute_position\": false\r\n    }\r\n  ]\r\n}","phonegrid":"","_links":{"self":[{"href":"https:\/\/dmg-web.de\/sektion-islamwissenschaft\/wp-json\/wp\/v2\/pages\/348","targetHints":{"allow":["GET"]}}],"collection":[{"href":"https:\/\/dmg-web.de\/sektion-islamwissenschaft\/wp-json\/wp\/v2\/pages"}],"about":[{"href":"https:\/\/dmg-web.de\/sektion-islamwissenschaft\/wp-json\/wp\/v2\/types\/page"}],"author":[{"embeddable":true,"href":"https:\/\/dmg-web.de\/sektion-islamwissenschaft\/wp-json\/wp\/v2\/users\/2"}],"replies":[{"embeddable":true,"href":"https:\/\/dmg-web.de\/sektion-islamwissenschaft\/wp-json\/wp\/v2\/comments?post=348"}],"version-history":[{"count":0,"href":"https:\/\/dmg-web.de\/sektion-islamwissenschaft\/wp-json\/wp\/v2\/pages\/348\/revisions"}],"wp:attachment":[{"href":"https:\/\/dmg-web.de\/sektion-islamwissenschaft\/wp-json\/wp\/v2\/media?parent=348"}],"curies":[{"name":"wp","href":"https:\/\/api.w.org\/{rel}","templated":true}]}}