{"id":1724,"date":"2025-01-23T12:37:53","date_gmt":"2025-01-23T11:37:53","guid":{"rendered":"https:\/\/dmg-web.de\/sektion-islamwissenschaft\/geschaeftsordnung-copy\/"},"modified":"2025-01-23T12:44:17","modified_gmt":"2025-01-23T11:44:17","slug":"rules-of-procedure","status":"publish","type":"page","link":"https:\/\/dmg-web.de\/sektion-islamwissenschaft\/en\/rules-of-procedure\/","title":{"rendered":"Rules of procedure"},"content":{"rendered":"","protected":false},"excerpt":{"rendered":"","protected":false},"author":2,"featured_media":0,"parent":0,"menu_order":10,"comment_status":"closed","ping_status":"closed","template":"","meta":[],"class_list":["post-1724","page","type-page","status-publish","hentry"],"grid":"{\r\n  \"colCount\": 3,\r\n  \"colGutter\": 1,\r\n  \"rowGutters\": [\r\n    2,\r\n    1\r\n  ],\r\n  \"frameMargin\": 5,\r\n  \"leftFrameMargin\": 10,\r\n  \"rightFrameMargin\": 0,\r\n  \"topFrameMargin\": 45,\r\n  \"mus\": {\r\n    \"colGutterMu\": \"%\",\r\n    \"rowGutterMu\": \"%\",\r\n    \"topFrameMu\": \"px\",\r\n    \"bottomFrameMu\": \"%\",\r\n    \"frameMu\": \"%\"\r\n  },\r\n  \"bottomFrameMargin\": 5,\r\n  \"rowAttrs\": [\r\n    {\r\n      \"bgimage\": {\r\n        \"attid\": 1692,\r\n        \"url\": \"\/wp-content\/uploads\/sites\/3\/2024\/11\/pec3-1.jpg\",\r\n        \"sizes\": {\r\n          \"_1280\": {\r\n            \"w\": 1280,\r\n            \"h\": 345,\r\n            \"url\": \"\/wp-content\/uploads\/sites\/3\/2024\/11\/pec3-1-1280x345.jpg\"\r\n          },\r\n          \"_1024\": {\r\n            \"w\": 1024,\r\n            \"h\": 276,\r\n            \"url\": \"\/wp-content\/uploads\/sites\/3\/2024\/11\/pec3-1-1024x276.jpg\"\r\n          },\r\n          \"_768\": {\r\n            \"w\": 768,\r\n            \"h\": 207,\r\n            \"url\": \"\/wp-content\/uploads\/sites\/3\/2024\/11\/pec3-1-768x207.jpg\"\r\n          },\r\n          \"_512\": {\r\n            \"w\": 512,\r\n            \"h\": 138,\r\n            \"url\": \"\/wp-content\/uploads\/sites\/3\/2024\/11\/pec3-1-512x138.jpg\"\r\n          },\r\n          \"_265\": {\r\n            \"w\": 265,\r\n            \"h\": 71,\r\n            \"url\": \"\/wp-content\/uploads\/sites\/3\/2024\/11\/pec3-1-265x71.jpg\"\r\n          }\r\n        }\r\n      },\r\n      \"row100vh\": false,\r\n      \"rowcustomheight\": \"18vh\",\r\n      \"bgimageopacity\": 72.71,\r\n      \"relid\": 1\r\n    },\r\n    {\r\n      \"relid\": 28\r\n    },\r\n    {\r\n      \"relid\": 26\r\n    }\r\n  ],\r\n  \"bgColor\": null,\r\n  \"bgImage\": null,\r\n  \"cont\": [\r\n    {\r\n      \"type\": \"hr\",\r\n      \"cont\": \"\",\r\n      \"align\": \"middle\",\r\n      \"row\": 1,\r\n      \"col\": 0,\r\n      \"colspan\": 1,\r\n      \"offsetx\": 0,\r\n      \"offsety\": 0,\r\n      \"spaceabove\": 0,\r\n      \"spacebelow\": 0,\r\n      \"yvel\": 1,\r\n      \"push\": 0,\r\n      \"relid\": 29,\r\n      \"absolute_position\": false,\r\n      \"frameOverflow\": \"\",\r\n      \"classes\": \"deco-line\"\r\n    },\r\n    {\r\n      \"type\": \"text\",\r\n      \"cont\": \"<h1 class=\\\"_Headline\\\">Deutsche Morgenl\u00e4ndische Gesellschaft (DMG) \u2013\u00a0 Section Islamic Studies<\/h1><h2 class=\\\"_Headline_2\\\" style=\\\"text-align: center;\\\">Rules of procedure<br \/><br \/><\/h2><ol><li>Die Sektion (im Sinne von \u00a7 2, Absatz 2, der Satzung der DMG) f\u00fchrt die Bezeichnung \u201cIslamwissenschaft\u201d.<\/li><li>Die Sektion hat die Aufgabe,<ol><li>Kontakte und Zusammenarbeit zwischen den mit der islamischen Welt und dem Islam befassten Wissenschaftlerinnen und Wissenschaftlern innerhalb und au\u00dferhalb der DMG zu f\u00f6rdern;<\/li><li>ein Forum f\u00fcr die Diskussion der Belange der Islamwissenschaft und der mit der islamischen Welt befassten F\u00e4cher zu bieten;<\/li><li>den Vorstand der DMG in allen die Islamwissenschaft betreffenden Belangen zu beraten;<\/li><li>gemeinsam mit dem Vorstand der DMG die Interessen der Islamwissenschaft gegen\u00fcber Ministerien, Universit\u00e4tsverwaltungen und solchen Institutionen, die mit Forschungsf\u00f6rderung und -planung befasst sind, zu vertreten;<\/li><li>sich an der Vorbereitung und Durchf\u00fchrung des wissenschaftlichen Tagungspro-gramms der Deutschen Orientalistentage f\u00fcr ihren Bereich zu beteiligen.<\/li><\/ol><\/li><li>Mitglieder der Sektion k\u00f6nnen alle diejenigen Mitglieder der DMG werden, die f\u00fcr die Sektion optieren. Die Mitgliedschaft in der Sektion erlischt bei Beendigung der Mitgliedschaft in der DMG oder bei Widerruf der Option. Option und Widerruf der Option erfolgen durch schriftliche Erkl\u00e4rung gegen\u00fcber der Sprecherin\/dem Sprecher oder deren\/dessen Stellvertreter(inne)n. Gleichzeitige Mitgliedschaft in anderen Sektionen ist m\u00f6glich.<\/li><li>Der Vorstand der Sektion besteht aus der Sprecherin\/dem Sprecher, der ersten Stellvertreterin\/dem ersten Stellvertreter und der zweiten Stellvertreterin\/dem zweiten Stellvertreter. Sie werden auf einem jeden Deutschen Orientalistentag im Rahmen eines Sektionstreffens von den anwesenden Mitgliedern der Sektion in schriftlicher, geheimer Abstimmung gew\u00e4hlt. Gew\u00e4hlt ist diejenige Kandidatin\/derjenige Kandidat, die\/der die absolute Mehrheit der abgegebenen g\u00fcltigen Stimmen erh\u00e4lt. Stehen mehr als zwei Kandidat(inn)en zur Wahl und erh\u00e4lt niemand von diesen im ersten Wahlgang die absolute Mehrheit, entscheidet eine Stichwahl zwischen den beiden Kandidat(inn)en, die die meisten Stimmen erhalten haben. Entf\u00e4llt auf zwei Kandidat(inn)en die gleiche Zahl von Stimmen, so entscheidet das Los, das der Wahlleiter zieht. Die Amtszeit der Mitglieder des Vorstands endet jeweils mit dem Ende des Sektionstreffens, auf dem der neue Vorstand gew\u00e4hlt wird. Wiederwahl ist m\u00f6glich.<\/li><li>Tritt eine Stellvertreterin\/ein Stellvertreter vor Ablauf der Amtsperiode vom Amt zur\u00fcck oder ist sie\/er auf Dauer verhindert, so kooptiert die Sprecherin\/der Sprecher unter den Mitgliedern der Sektion eine Person, die die betreffende Position \u00fcbernimmt. Den Sektionsmitgliedern ist dar\u00fcber Mitteilung zu machen. Diese Regelung gilt entsprechend f\u00fcr den Fall, dass die Sprecherin\/der Sprecher vom Amt zur\u00fccktritt und die Erste Stellvertreterin\/der Erste Stellvertreter das Amt der Sprecherin\/des Sprechers auf Dauer \u00fcbernehmen muss.<\/li><li>Der Vorstand der Sektion vertritt diese gegen\u00fcber dem Vorstand der DMG. Das Recht jedes Mitglieds der Sektion, sich als Mitglied der DMG direkt an deren Vorstand zu wenden, bleibt davon unber\u00fchrt.<\/li><li>Sektionstreffen finden j\u00e4hrlich statt, jeweils gekoppelt an die Allgemeine Versammlung der DMG. Antr\u00e4ge zur Tagesordnung sind der Sprecherin\/dem Sprecher bis sechs Wochen vorher schriftlich zuzuleiten. Die Sprecherin\/der Sprecher l\u00e4dt die Mitglieder der Sektion vier Wochen vorher schriftlich unter Bekanntgabe der Tagesordnung ein. Die \u00fcber die Sektionstreffen angefertigten Beschluss- und Ergebnisprotokolle sind allen Mitgliedern der Sektion sowie der\/dem Vorsitzenden der DMG zuzusenden. Besteht in einem Jahr ausnahmsweise kein Anlass f\u00fcr ein Sektionstreffen, so teilt die Sprecherin\/der Sprecher dies den Mitgliedern acht Wochen vor der Allgemeinen Versammlung der DMG mit.<\/li><li>Die Beschl\u00fcsse der Sektion werden mit einfacher Mehrheit der bei einem Sektionstreffen anwesenden Mitglieder gefasst. Ausnahmsweise kann die Sprecherin\/der Sprecher in dringenden Angelegenheiten die Beschlussfassung per Rundschreiben herbeif\u00fchren. F\u00fcr \u00c4nderungen der Gesch\u00e4ftsordnung der Sektion und f\u00fcr die Aufl\u00f6sung der Sektion, die nur auf einem anl\u00e4sslich eines Deutschen Orientalistentages stattfindenden Sektionstreffen vorgenommen werden k\u00f6nnen, bedarf es einer Zweidrittelmehrheit der anwesenden Sektionsmitglieder.<\/li><\/ol>\",\r\n      \"align\": \"top\",\r\n      \"row\": 2,\r\n      \"col\": 0,\r\n      \"colspan\": 2,\r\n      \"offsetx\": 0,\r\n      \"offsety\": 0,\r\n      \"spaceabove\": 0,\r\n      \"spacebelow\": 0,\r\n      \"yvel\": 1,\r\n      \"push\": 0,\r\n      \"relid\": 27,\r\n      \"absolute_position\": false,\r\n      \"frameOverflow\": \"\"\r\n    },\r\n    {\r\n      \"type\": \"news\",\r\n      \"cont\": \"\",\r\n      \"align\": \"top\",\r\n      \"row\": 2,\r\n      \"col\": 2,\r\n      \"colspan\": 1,\r\n      \"offsetx\": 0,\r\n      \"offsety\": 0,\r\n      \"spaceabove\": 0,\r\n      \"spacebelow\": 0,\r\n      \"yvel\": 1,\r\n      \"push\": 0,\r\n      \"relid\": 2,\r\n      \"config\": {\r\n        \"layout\": \"full\",\r\n        \"orderBy\": \"date\",\r\n        \"titleColor\": \"#000000\",\r\n        \"dateColor\": \"#000000\",\r\n        \"lineColor\": \"#FCFAF5\",\r\n        \"uniqueId\": 1731353172076,\r\n        \"title_textformat\": \"Default\",\r\n        \"show_title\": false,\r\n        \"date_textformat\": \"Default\",\r\n        \"excerpt_textformat\": \"Default\",\r\n        \"excerpt_spacetop\": 10,\r\n        \"separator_textformat\": \"Default\",\r\n        \"separator_text\": \"\u2013\",\r\n        \"separator_space\": 5,\r\n        \"line\": true,\r\n        \"space_below_line\": \"0\",\r\n        \"space_above_line\": \"0\",\r\n        \"show_separator\": false,\r\n        \"show_excerpt\": true,\r\n        \"show_date\": false,\r\n        \"date_format\": \"m.d.y\",\r\n        \"show_read_more\": true,\r\n        \"readmore_textformat\": \"Default\",\r\n        \"readmore_spacetop\": 0,\r\n        \"read_more_text\": \"Read more\u2026\",\r\n        \"read_more_underline\": true,\r\n        \"amount\": 0,\r\n        \"image_spaceright\": 10,\r\n        \"imageSpaceBottom\": 10,\r\n        \"show_date_first\": false,\r\n        \"cat_id\": 12,\r\n        \"desktop\": {\r\n          \"image_width\": 180,\r\n          \"colCount\": 4,\r\n          \"colGutter\": 20,\r\n          \"rowGutter\": 20,\r\n          \"colGutterMu\": \"px\",\r\n          \"rowGutterMu\": \"px\"\r\n        },\r\n        \"tablet\": {\r\n          \"image_width\": 150,\r\n          \"colCount\": 3,\r\n          \"colGutter\": 20,\r\n          \"rowGutter\": 20,\r\n          \"colGutterMu\": \"px\",\r\n          \"rowGutterMu\": \"px\"\r\n        },\r\n        \"phone\": {\r\n          \"image_width\": 100,\r\n          \"colCount\": 2,\r\n          \"colGutter\": 20,\r\n          \"rowGutter\": 20,\r\n          \"colGutterMu\": \"px\",\r\n          \"rowGutterMu\": \"px\"\r\n        },\r\n        \"columnsLayoutType\": \"top-aligned\",\r\n        \"showMoreButton\": false,\r\n        \"showMoreButtonStyle\": \"laybutton1\",\r\n        \"moreButtonText\": \"Load More\",\r\n        \"moreButtonAlignment\": \"center\",\r\n        \"moreButtonSpaceTop\": 10\r\n      },\r\n      \"absolute_position\": false,\r\n      \"classes\": \"bg-white pin-bar\"\r\n    }\r\n  ]\r\n}","phonegrid":"","_links":{"self":[{"href":"https:\/\/dmg-web.de\/sektion-islamwissenschaft\/wp-json\/wp\/v2\/pages\/1724","targetHints":{"allow":["GET"]}}],"collection":[{"href":"https:\/\/dmg-web.de\/sektion-islamwissenschaft\/wp-json\/wp\/v2\/pages"}],"about":[{"href":"https:\/\/dmg-web.de\/sektion-islamwissenschaft\/wp-json\/wp\/v2\/types\/page"}],"author":[{"embeddable":true,"href":"https:\/\/dmg-web.de\/sektion-islamwissenschaft\/wp-json\/wp\/v2\/users\/2"}],"replies":[{"embeddable":true,"href":"https:\/\/dmg-web.de\/sektion-islamwissenschaft\/wp-json\/wp\/v2\/comments?post=1724"}],"version-history":[{"count":0,"href":"https:\/\/dmg-web.de\/sektion-islamwissenschaft\/wp-json\/wp\/v2\/pages\/1724\/revisions"}],"wp:attachment":[{"href":"https:\/\/dmg-web.de\/sektion-islamwissenschaft\/wp-json\/wp\/v2\/media?parent=1724"}],"curies":[{"name":"wp","href":"https:\/\/api.w.org\/{rel}","templated":true}]}}