{"id":383,"date":"2023-12-15T10:15:17","date_gmt":"2023-12-15T09:15:17","guid":{"rendered":"https:\/\/illustration.tada-o.de\/ueber-uns\/vorstand-copy-copy\/"},"modified":"2025-09-21T16:14:12","modified_gmt":"2025-09-21T14:14:12","slug":"geschaeftsordnung","status":"publish","type":"page","link":"https:\/\/dmg-web.de\/sektion-iranistik\/geschaeftsordnung\/","title":{"rendered":"Gesch\u00e4ftsordnung"},"content":{"rendered":"","protected":false},"excerpt":{"rendered":"","protected":false},"author":2,"featured_media":0,"parent":0,"menu_order":3,"comment_status":"closed","ping_status":"closed","template":"","meta":[],"class_list":["post-383","page","type-page","status-publish","hentry"],"grid":"{\r\n  \"colCount\": 3,\r\n  \"colGutter\": 1,\r\n  \"rowGutters\": [\r\n    1,\r\n    1\r\n  ],\r\n  \"frameMargin\": 5,\r\n  \"leftFrameMargin\": 10,\r\n  \"rightFrameMargin\": 0,\r\n  \"topFrameMargin\": 100,\r\n  \"mus\": {\r\n    \"colGutterMu\": \"%\",\r\n    \"rowGutterMu\": \"%\",\r\n    \"topFrameMu\": \"px\",\r\n    \"bottomFrameMu\": \"%\",\r\n    \"frameMu\": \"%\"\r\n  },\r\n  \"bottomFrameMargin\": 5,\r\n  \"rowAttrs\": [\r\n    {\r\n      \"relid\": 28\r\n    },\r\n    {\r\n      \"relid\": 26\r\n    },\r\n    {\r\n      \"relid\": 1\r\n    }\r\n  ],\r\n  \"bgColor\": null,\r\n  \"bgImage\": null,\r\n  \"cont\": [\r\n    {\r\n      \"type\": \"hr\",\r\n      \"cont\": \"\",\r\n      \"align\": \"middle\",\r\n      \"row\": 0,\r\n      \"col\": 0,\r\n      \"colspan\": 1,\r\n      \"offsetx\": 0,\r\n      \"offsety\": 0,\r\n      \"spaceabove\": 0,\r\n      \"spacebelow\": 0,\r\n      \"yvel\": 1,\r\n      \"push\": 0,\r\n      \"relid\": 29,\r\n      \"absolute_position\": false,\r\n      \"frameOverflow\": \"\",\r\n      \"classes\": \"deco-line\"\r\n    },\r\n    {\r\n      \"type\": \"text\",\r\n      \"cont\": \"<h1 class=\\\"_Headline\\\">Deutsche Morgenl\u00e4ndische Gesellschaft (DMG) \u2013\u00a0 Sektion Iranistik<\/h1><h2 class=\\\"_Headline_2\\\" style=\\\"text-align: left;\\\">Gesch\u00e4ftsordnung<\/h2><h1 class=\\\"title\\\">Die Gesch\u00e4ftsordnung der Sektion Iranistik wurde in der Allgemeinen Versammlung der Deutschen Morgenl\u00e4ndischen Gesellschaft am 6. Mai 2018 in Halle (Saale) einstimmig genehmigt.<\/h1><p><br \/>1. Die Sektion (im Sinne von \u00a7 2, Absatz 2, der Satzung der DMG) f\u00fchrt die Bezeichnung \\\"Iranistik\\\".<\/p><p>2. Die Sektion hat die Aufgabe,<br \/>\u00a0 a) die Kontakte und die Zusammenarbeit zwischen den mit Iran und der iranischen bzw. persophonen Welt befassten Wissenschaftlerinnen und Wissenschaftlern innerhalb und au\u00dferhalb der DMG zu f\u00f6rdern;<br \/>\u00a0 b) ein Forum f\u00fcr die Diskussion der Belange der Iranistik zu bieten;<br \/>\u00a0 c) den Vorstand der DMG in allen die Iranistik betreffenden Belangen zu beraten;<br \/>\u00a0 d) gemeinsam mit dem Vorstand der DMG die Interessen der Iranistik gegen\u00fcber Ministerien, Universit\u00e4tsverwaltungen und solchen Institutionen, die mit Forschungsf\u00f6rderung und -planung befasst sind, zu vertreten;<br \/>\u00a0 e) die ausrichtenden Institutionen der Deutschen Orientalistentage bei der Planung und Durchf\u00fchrung des wissenschaftlichen Tagungsprogramms f\u00fcr ihren Bereich zu unterst\u00fctzen;<br \/>\u00a0 f) wissenschaftliche Arbeitstagungen zur Iranistik zwischen den Orientalistentagen zu veranstalten.<\/p><p>3. Mitglieder der Sektion k\u00f6nnen alle diejenigen Mitglieder der DMG werden, die f\u00fcr die Sektion optieren. Die Mitgliedschaft in der Sektion erlischt bei Beendigung der Mitgliedschaft in der DMG oder bei Widerruf der Option. Option und Widerruf der Option erfolgen durch schriftliche Erkl\u00e4rung gegen\u00fcber der Sprecherin\/dem Sprecher oder deren\/dessen Stellvertreter(in). Gleichzeitige Mitgliedschaft in anderen Sektionen ist m\u00f6glich.<\/p><p>4. Die Sprecherin\/der Sprecher der Sektion wird auf einem jeden Deutschen Orientalistentag im Rahmen eines Sektionstreffens von den anwesenden Mitgliedern der Sektion gew\u00e4hlt. Gew\u00e4hlt ist diejenige Kandidatin\/derjenige Kandidat, die\/der die absolute Mehrheit der abgegebenen g\u00fcltigen Stimmen erh\u00e4lt. Stehen mehr als zwei Kandidat(inn)en zur Wahl und erh\u00e4lt niemand von diesen im ersten Wahlgang die absolute Mehrheit, entscheidet eine Stichwahl zwischen den beiden Kandidat(inn)en, die die meisten Stimmen erhalten haben. Entf\u00e4llt auf zwei Kandidat(inn)en die gleiche Zahl von Stimmen, so entscheidet das Los, das die Wahlleiterin\/der Wahlleiter zieht. Die Amtszeit der Sprecherin\/des Sprechers endet jeweils mit dem Ende des Sektionstreffens, auf dem die neue Sprecherin\/der neue Sprecher gew\u00e4hlt wird. Wiederwahl ist m\u00f6glich.<\/p><p>5. Stellvertreterin\/Stellvertreter der Sprecherin\/des Sprechers der Sektion ist jeweils die Sprecherin\/der Sprecher der Sektion aus der vorangegangenen Amtsperiode. Bei Gr\u00fcndung der Sektion und in dem Fall, dass die bisherige Sprecherin\/der bisherige Sprecher in die Stellvertretung nicht einr\u00fccken will oder kann, wird die Stellvertreterin\/der Stellvertreter nach der Sprecherin\/dem Sprecher wie diese\/dieser gew\u00e4hlt.<\/p><p>6. Die Sprecherin\/der Sprecher und ihr(e)\/sein(e) Stellvertreterin\/Stellvertreter betreuen die Webseite der Sektion Iranistik auf der Homepage der DMG und f\u00fchren eine Mitgliederliste.<\/p><p>7. Die Sprecherin\/der Sprecher und die stellvertretende Sprecherin\/der stellvertretende Sprecher vertreten die Sektion gegen\u00fcber dem Vorstand der DMG. Das Recht jedes Mitglieds der Sektion, sich als Mitglied der DMG direkt an den Vorstand zu wenden, bleibt unber\u00fchrt.<\/p><p>8. Sektionstreffen finden gekoppelt an den Orientalistentag (s. Punkt 4) und bei Bedarf im Rahmen der wissenschaftlichen Arbeitstagungen der Sektion (s. Punkt 2f) statt. Antr\u00e4ge zur Tagesordnung sind der Sprecherin\/dem Sprecher bis drei Wochen vorher schriftlich zuzuleiten. Die Sprecherin\/der Sprecher l\u00e4dt die Mitglieder der Sektion zwei Wochen vorher schriftlich unter Bekanntgabe der Tagesordnung ein. Die \u00fcber die Sektionstreffen angefertigten Beschluss- und Ergebnisprotokolle sind allen Mitgliedern der Sektion sowie der\/dem Vorsitzenden der DMG zuzusenden.<\/p><p>9. Die Beschl\u00fcsse der Sektion werden mit einfacher Mehrheit der bei einem Sektionstreffen anwesenden Mitglieder gefasst. Ausnahmsweise kann die Sprecherin\/der Sprecher in dringenden Angelegenheiten die Beschlussfassung per Rundschreiben herbeif\u00fchren. F\u00fcr \u00c4nderungen der Gesch\u00e4ftsordnung der Sektion und f\u00fcr die Aufl\u00f6sung der Sektion, die nur auf einem Sektionstreffen vorgenommen werden k\u00f6nnen, bedarf es einer Zweidrittelmehrheit der anwesenden Sektionsmitglieder.<\/p>\",\r\n      \"align\": \"top\",\r\n      \"row\": 1,\r\n      \"col\": 0,\r\n      \"colspan\": 2,\r\n      \"offsetx\": 0,\r\n      \"offsety\": 0,\r\n      \"spaceabove\": 0,\r\n      \"spacebelow\": 0,\r\n      \"yvel\": 1,\r\n      \"push\": 0,\r\n      \"relid\": 27,\r\n      \"absolute_position\": false,\r\n      \"frameOverflow\": \"\",\r\n      \"textAnimation\": {\r\n        \"enableTextAnimation\": false\r\n      }\r\n    },\r\n    {\r\n      \"type\": \"news\",\r\n      \"cont\": \"\",\r\n      \"align\": \"top\",\r\n      \"row\": 1,\r\n      \"col\": 2,\r\n      \"colspan\": 1,\r\n      \"offsetx\": 0,\r\n      \"offsety\": 0,\r\n      \"spaceabove\": 0,\r\n      \"spacebelow\": 0,\r\n      \"yvel\": 1,\r\n      \"push\": 0,\r\n      \"relid\": 2,\r\n      \"config\": {\r\n        \"layout\": \"full\",\r\n        \"orderBy\": \"date\",\r\n        \"titleColor\": \"#000000\",\r\n        \"dateColor\": \"#000000\",\r\n        \"lineColor\": \"#FCFAF5\",\r\n        \"uniqueId\": 1731353172076,\r\n        \"title_textformat\": \"Default\",\r\n        \"show_title\": false,\r\n        \"date_textformat\": \"Default\",\r\n        \"excerpt_textformat\": \"Default\",\r\n        \"excerpt_spacetop\": 10,\r\n        \"separator_textformat\": \"Default\",\r\n        \"separator_text\": \"\u2013\",\r\n        \"separator_space\": 5,\r\n        \"line\": true,\r\n        \"space_below_line\": \"0\",\r\n        \"space_above_line\": \"0\",\r\n        \"show_separator\": false,\r\n        \"show_excerpt\": true,\r\n        \"show_date\": false,\r\n        \"date_format\": \"m.d.y\",\r\n        \"show_read_more\": true,\r\n        \"readmore_textformat\": \"Default\",\r\n        \"readmore_spacetop\": 0,\r\n        \"read_more_text\": \"Read more\u2026\",\r\n        \"read_more_underline\": true,\r\n        \"amount\": 0,\r\n        \"image_spaceright\": 10,\r\n        \"imageSpaceBottom\": 10,\r\n        \"show_date_first\": false,\r\n        \"cat_id\": 11,\r\n        \"desktop\": {\r\n          \"image_width\": 180,\r\n          \"colCount\": 4,\r\n          \"colGutter\": 20,\r\n          \"rowGutter\": 20,\r\n          \"colGutterMu\": \"px\",\r\n          \"rowGutterMu\": \"px\"\r\n        },\r\n        \"tablet\": {\r\n          \"image_width\": 150,\r\n          \"colCount\": 3,\r\n          \"colGutter\": 20,\r\n          \"rowGutter\": 20,\r\n          \"colGutterMu\": \"px\",\r\n          \"rowGutterMu\": \"px\"\r\n        },\r\n        \"phone\": {\r\n          \"image_width\": 100,\r\n          \"colCount\": 2,\r\n          \"colGutter\": 20,\r\n          \"rowGutter\": 20,\r\n          \"colGutterMu\": \"px\",\r\n          \"rowGutterMu\": \"px\"\r\n        },\r\n        \"columnsLayoutType\": \"top-aligned\",\r\n        \"showMoreButton\": false,\r\n        \"showMoreButtonStyle\": \"laybutton1\",\r\n        \"moreButtonText\": \"Load More\",\r\n        \"moreButtonAlignment\": \"center\",\r\n        \"moreButtonSpaceTop\": 10\r\n      },\r\n      \"absolute_position\": false,\r\n      \"classes\": \"bg-white pin-bar hide\"\r\n    }\r\n  ]\r\n}","phonegrid":"","_links":{"self":[{"href":"https:\/\/dmg-web.de\/sektion-iranistik\/wp-json\/wp\/v2\/pages\/383","targetHints":{"allow":["GET"]}}],"collection":[{"href":"https:\/\/dmg-web.de\/sektion-iranistik\/wp-json\/wp\/v2\/pages"}],"about":[{"href":"https:\/\/dmg-web.de\/sektion-iranistik\/wp-json\/wp\/v2\/types\/page"}],"author":[{"embeddable":true,"href":"https:\/\/dmg-web.de\/sektion-iranistik\/wp-json\/wp\/v2\/users\/2"}],"replies":[{"embeddable":true,"href":"https:\/\/dmg-web.de\/sektion-iranistik\/wp-json\/wp\/v2\/comments?post=383"}],"version-history":[{"count":0,"href":"https:\/\/dmg-web.de\/sektion-iranistik\/wp-json\/wp\/v2\/pages\/383\/revisions"}],"wp:attachment":[{"href":"https:\/\/dmg-web.de\/sektion-iranistik\/wp-json\/wp\/v2\/media?parent=383"}],"curies":[{"name":"wp","href":"https:\/\/api.w.org\/{rel}","templated":true}]}}