{"id":1710,"date":"2025-01-23T11:06:37","date_gmt":"2025-01-23T10:06:37","guid":{"rendered":"https:\/\/dmg-web.de\/sektion-indologie-suedasienstudien\/foerderung-copy\/"},"modified":"2025-01-23T11:28:40","modified_gmt":"2025-01-23T10:28:40","slug":"promotion","status":"publish","type":"page","link":"https:\/\/dmg-web.de\/sektion-indologie-suedasienstudien\/en\/promotion\/","title":{"rendered":"Promotion"},"content":{"rendered":"","protected":false},"excerpt":{"rendered":"","protected":false},"author":2,"featured_media":0,"parent":0,"menu_order":17,"comment_status":"closed","ping_status":"closed","template":"","meta":[],"class_list":["post-1710","page","type-page","status-publish","hentry"],"grid":"{\r\n  \"colCount\": 1,\r\n  \"colGutter\": 1,\r\n  \"rowGutters\": [\r\n    2,\r\n    1\r\n  ],\r\n  \"frameMargin\": 5,\r\n  \"leftFrameMargin\": 15,\r\n  \"rightFrameMargin\": 10,\r\n  \"topFrameMargin\": 45,\r\n  \"mus\": {\r\n    \"colGutterMu\": \"%\",\r\n    \"rowGutterMu\": \"%\",\r\n    \"topFrameMu\": \"px\",\r\n    \"bottomFrameMu\": \"%\",\r\n    \"frameMu\": \"%\"\r\n  },\r\n  \"bottomFrameMargin\": 5,\r\n  \"rowAttrs\": [\r\n    {\r\n      \"bgimage\": {\r\n        \"attid\": 1688,\r\n        \"url\": \"\/wp-content\/uploads\/sites\/2\/2024\/12\/foerderung_vihnu_wide.jpg\",\r\n        \"sizes\": {\r\n          \"_1920\": {\r\n            \"w\": 1920,\r\n            \"h\": 480,\r\n            \"url\": \"\/wp-content\/uploads\/sites\/2\/2024\/12\/foerderung_vihnu_wide-1920x480.jpg\"\r\n          },\r\n          \"_1280\": {\r\n            \"w\": 1280,\r\n            \"h\": 320,\r\n            \"url\": \"\/wp-content\/uploads\/sites\/2\/2024\/12\/foerderung_vihnu_wide-1280x320.jpg\"\r\n          },\r\n          \"_1024\": {\r\n            \"w\": 1024,\r\n            \"h\": 256,\r\n            \"url\": \"\/wp-content\/uploads\/sites\/2\/2024\/12\/foerderung_vihnu_wide-1024x256.jpg\"\r\n          },\r\n          \"_768\": {\r\n            \"w\": 768,\r\n            \"h\": 192,\r\n            \"url\": \"\/wp-content\/uploads\/sites\/2\/2024\/12\/foerderung_vihnu_wide-768x192.jpg\"\r\n          },\r\n          \"_512\": {\r\n            \"w\": 512,\r\n            \"h\": 128,\r\n            \"url\": \"\/wp-content\/uploads\/sites\/2\/2024\/12\/foerderung_vihnu_wide-512x128.jpg\"\r\n          },\r\n          \"_265\": {\r\n            \"w\": 265,\r\n            \"h\": 66,\r\n            \"url\": \"\/wp-content\/uploads\/sites\/2\/2024\/12\/foerderung_vihnu_wide-265x66.jpg\"\r\n          }\r\n        }\r\n      },\r\n      \"row100vh\": false,\r\n      \"rowcustomheight\": \"18vh\",\r\n      \"relid\": 5\r\n    },\r\n    {\r\n      \"relid\": 3\r\n    },\r\n    {\r\n      \"relid\": 1\r\n    }\r\n  ],\r\n  \"bgColor\": null,\r\n  \"bgImage\": null,\r\n  \"cont\": [\r\n    {\r\n      \"type\": \"hr\",\r\n      \"cont\": \"\",\r\n      \"align\": \"middle\",\r\n      \"row\": 1,\r\n      \"col\": 0,\r\n      \"colspan\": 1,\r\n      \"offsetx\": 0,\r\n      \"offsety\": 0,\r\n      \"spaceabove\": 0,\r\n      \"spacebelow\": 0,\r\n      \"yvel\": 1,\r\n      \"push\": 0,\r\n      \"relid\": 4,\r\n      \"absolute_position\": false,\r\n      \"classes\": \"deco-line\"\r\n    },\r\n    {\r\n      \"type\": \"text\",\r\n      \"cont\": \"<h1 class=\\\"_Headline\\\"><span>Promotion<\/span><\/h1><p class=\\\"_Default\\\"><span>Neben den allgemeinen F\u00f6rderm\u00f6glichkeiten f\u00fcr geisteswissenschaftliche F\u00e4cher stehen f\u00fcr die Indologie fachspezifische Angebote folgender Einrichtungen zur Verf\u00fcgung:<\/span><\/p><ul><li class=\\\"_Default\\\"><span><a rel=\\\"noopener\\\" href=\\\"http:\/\/www.glasenapp-stiftung.org\/\\\" target=\\\"_blank\\\">Glasenapp-Stiftung<\/a><\/span><\/li><li class=\\\"_Default\\\"><span><a rel=\\\"noopener\\\" href=\\\"http:\/\/www.stiftung-ernst-waldschmidt.de\/\\\" target=\\\"_blank\\\">Waldschmidt-Stiftung<\/a><\/span><\/li><\/ul>\",\r\n      \"align\": \"top\",\r\n      \"row\": 2,\r\n      \"col\": 0,\r\n      \"colspan\": 1,\r\n      \"offsetx\": 0,\r\n      \"offsety\": 0,\r\n      \"spaceabove\": 0,\r\n      \"spacebelow\": 0,\r\n      \"yvel\": 1,\r\n      \"push\": 0,\r\n      \"relid\": 2,\r\n      \"absolute_position\": false\r\n    }\r\n  ]\r\n}","phonegrid":"","_links":{"self":[{"href":"https:\/\/dmg-web.de\/sektion-indologie-suedasienstudien\/wp-json\/wp\/v2\/pages\/1710","targetHints":{"allow":["GET"]}}],"collection":[{"href":"https:\/\/dmg-web.de\/sektion-indologie-suedasienstudien\/wp-json\/wp\/v2\/pages"}],"about":[{"href":"https:\/\/dmg-web.de\/sektion-indologie-suedasienstudien\/wp-json\/wp\/v2\/types\/page"}],"author":[{"embeddable":true,"href":"https:\/\/dmg-web.de\/sektion-indologie-suedasienstudien\/wp-json\/wp\/v2\/users\/2"}],"replies":[{"embeddable":true,"href":"https:\/\/dmg-web.de\/sektion-indologie-suedasienstudien\/wp-json\/wp\/v2\/comments?post=1710"}],"version-history":[{"count":0,"href":"https:\/\/dmg-web.de\/sektion-indologie-suedasienstudien\/wp-json\/wp\/v2\/pages\/1710\/revisions"}],"wp:attachment":[{"href":"https:\/\/dmg-web.de\/sektion-indologie-suedasienstudien\/wp-json\/wp\/v2\/media?parent=1710"}],"curies":[{"name":"wp","href":"https:\/\/api.w.org\/{rel}","templated":true}]}}