{"id":1709,"date":"2025-01-23T11:06:32","date_gmt":"2025-01-23T10:06:32","guid":{"rendered":"https:\/\/dmg-web.de\/sektion-indologie-suedasienstudien\/diskussionsforen-copy\/"},"modified":"2025-01-23T11:27:13","modified_gmt":"2025-01-23T10:27:13","slug":"forums","status":"publish","type":"page","link":"https:\/\/dmg-web.de\/sektion-indologie-suedasienstudien\/en\/forums\/","title":{"rendered":"Forums"},"content":{"rendered":"","protected":false},"excerpt":{"rendered":"","protected":false},"author":2,"featured_media":0,"parent":0,"menu_order":15,"comment_status":"closed","ping_status":"closed","template":"","meta":[],"class_list":["post-1709","page","type-page","status-publish","hentry"],"grid":"{\r\n  \"colCount\": 1,\r\n  \"colGutter\": 1,\r\n  \"rowGutters\": [\r\n    2,\r\n    1\r\n  ],\r\n  \"frameMargin\": 5,\r\n  \"leftFrameMargin\": 15,\r\n  \"rightFrameMargin\": 10,\r\n  \"topFrameMargin\": 45,\r\n  \"mus\": {\r\n    \"colGutterMu\": \"%\",\r\n    \"rowGutterMu\": \"%\",\r\n    \"topFrameMu\": \"px\",\r\n    \"bottomFrameMu\": \"%\",\r\n    \"frameMu\": \"%\"\r\n  },\r\n  \"bottomFrameMargin\": 5,\r\n  \"rowAttrs\": [\r\n    {\r\n      \"bgimage\": {\r\n        \"attid\": 1683,\r\n        \"url\": \"\/wp-content\/uploads\/sites\/2\/2024\/12\/diskussionsforen_sun-_drummar_wide.jpg\",\r\n        \"sizes\": {\r\n          \"_1920\": {\r\n            \"w\": 1920,\r\n            \"h\": 436,\r\n            \"url\": \"\/wp-content\/uploads\/sites\/2\/2024\/12\/diskussionsforen_sun-_drummar_wide-1920x436.jpg\"\r\n          },\r\n          \"_1280\": {\r\n            \"w\": 1280,\r\n            \"h\": 291,\r\n            \"url\": \"\/wp-content\/uploads\/sites\/2\/2024\/12\/diskussionsforen_sun-_drummar_wide-1280x291.jpg\"\r\n          },\r\n          \"_1024\": {\r\n            \"w\": 1024,\r\n            \"h\": 233,\r\n            \"url\": \"\/wp-content\/uploads\/sites\/2\/2024\/12\/diskussionsforen_sun-_drummar_wide-1024x233.jpg\"\r\n          },\r\n          \"_768\": {\r\n            \"w\": 768,\r\n            \"h\": 175,\r\n            \"url\": \"\/wp-content\/uploads\/sites\/2\/2024\/12\/diskussionsforen_sun-_drummar_wide-768x175.jpg\"\r\n          },\r\n          \"_512\": {\r\n            \"w\": 512,\r\n            \"h\": 116,\r\n            \"url\": \"\/wp-content\/uploads\/sites\/2\/2024\/12\/diskussionsforen_sun-_drummar_wide-512x116.jpg\"\r\n          },\r\n          \"_265\": {\r\n            \"w\": 265,\r\n            \"h\": 60,\r\n            \"url\": \"\/wp-content\/uploads\/sites\/2\/2024\/12\/diskussionsforen_sun-_drummar_wide-265x60.jpg\"\r\n          }\r\n        }\r\n      },\r\n      \"row100vh\": false,\r\n      \"rowcustomheight\": \"18vh\",\r\n      \"relid\": 5\r\n    },\r\n    {\r\n      \"relid\": 3\r\n    },\r\n    {\r\n      \"relid\": 1\r\n    }\r\n  ],\r\n  \"bgColor\": null,\r\n  \"bgImage\": null,\r\n  \"cont\": [\r\n    {\r\n      \"type\": \"hr\",\r\n      \"cont\": \"\",\r\n      \"align\": \"middle\",\r\n      \"row\": 1,\r\n      \"col\": 0,\r\n      \"colspan\": 1,\r\n      \"offsetx\": 0,\r\n      \"offsety\": 0,\r\n      \"spaceabove\": 0,\r\n      \"spacebelow\": 0,\r\n      \"yvel\": 1,\r\n      \"push\": 0,\r\n      \"relid\": 4,\r\n      \"absolute_position\": false,\r\n      \"classes\": \"deco-line\"\r\n    },\r\n    {\r\n      \"type\": \"text\",\r\n      \"cont\": \"<h1 class=\\\"_Headline\\\"><span>Online Forums<\/span><\/h1><p class=\\\"_Default\\\"><span>Das Diskussionsforum \\\"Informationsaustausch der deutschsprachigen Indologie\\\" dient dem akademischen und organisatorischen Austausch unter Wissenschaftlerinnen und Wissenschaftlern, die auf dem Gebiet der Indologie und S\u00fcdasienstudien t\u00e4tig sind. Um am Diskussionsforum teilnehmen zu k\u00f6nnen, m\u00fcssen Sie sich zun\u00e4chst hier anmelden (\\\"subscription\\\"):<\/span><\/p><p class=\\\"_Default\\\"><a rel=\\\"noopener\\\" href=\\\"https:\/\/listserv.uni-heidelberg.de\/cgi-bin\/wa?SUBED1=INDOLOGIE&amp;A=1\\\" target=\\\"_blank\\\">zum Forum<\/a><\/p>\",\r\n      \"align\": \"middle\",\r\n      \"row\": 2,\r\n      \"col\": 0,\r\n      \"colspan\": 1,\r\n      \"offsetx\": 0,\r\n      \"offsety\": 0,\r\n      \"spaceabove\": 0,\r\n      \"spacebelow\": 0,\r\n      \"yvel\": 1,\r\n      \"push\": 0,\r\n      \"relid\": 2,\r\n      \"absolute_position\": false\r\n    }\r\n  ]\r\n}","phonegrid":"","_links":{"self":[{"href":"https:\/\/dmg-web.de\/sektion-indologie-suedasienstudien\/wp-json\/wp\/v2\/pages\/1709","targetHints":{"allow":["GET"]}}],"collection":[{"href":"https:\/\/dmg-web.de\/sektion-indologie-suedasienstudien\/wp-json\/wp\/v2\/pages"}],"about":[{"href":"https:\/\/dmg-web.de\/sektion-indologie-suedasienstudien\/wp-json\/wp\/v2\/types\/page"}],"author":[{"embeddable":true,"href":"https:\/\/dmg-web.de\/sektion-indologie-suedasienstudien\/wp-json\/wp\/v2\/users\/2"}],"replies":[{"embeddable":true,"href":"https:\/\/dmg-web.de\/sektion-indologie-suedasienstudien\/wp-json\/wp\/v2\/comments?post=1709"}],"version-history":[{"count":0,"href":"https:\/\/dmg-web.de\/sektion-indologie-suedasienstudien\/wp-json\/wp\/v2\/pages\/1709\/revisions"}],"wp:attachment":[{"href":"https:\/\/dmg-web.de\/sektion-indologie-suedasienstudien\/wp-json\/wp\/v2\/media?parent=1709"}],"curies":[{"name":"wp","href":"https:\/\/api.w.org\/{rel}","templated":true}]}}