{"id":1707,"date":"2025-01-23T11:06:24","date_gmt":"2025-01-23T10:06:24","guid":{"rendered":"https:\/\/dmg-web.de\/sektion-indologie-suedasienstudien\/institute-copy\/"},"modified":"2025-09-05T12:05:59","modified_gmt":"2025-09-05T10:05:59","slug":"institutes-of-indology-and-south-asian-studies","status":"publish","type":"page","link":"https:\/\/dmg-web.de\/sektion-indologie-suedasienstudien\/en\/institutes-of-indology-and-south-asian-studies\/","title":{"rendered":"Institutes"},"content":{"rendered":"","protected":false},"excerpt":{"rendered":"","protected":false},"author":2,"featured_media":0,"parent":0,"menu_order":11,"comment_status":"closed","ping_status":"closed","template":"","meta":[],"class_list":["post-1707","page","type-page","status-publish","hentry"],"grid":"{\r\n  \"colCount\": 3,\r\n  \"colGutter\": 1,\r\n  \"rowGutters\": [\r\n    2,\r\n    1,\r\n    2,\r\n    2,\r\n    1,\r\n    2,\r\n    1,\r\n    2,\r\n    1\r\n  ],\r\n  \"frameMargin\": 5,\r\n  \"leftFrameMargin\": 15,\r\n  \"rightFrameMargin\": 10,\r\n  \"topFrameMargin\": 45,\r\n  \"mus\": {\r\n    \"colGutterMu\": \"%\",\r\n    \"rowGutterMu\": \"%\",\r\n    \"topFrameMu\": \"px\",\r\n    \"bottomFrameMu\": \"%\",\r\n    \"frameMu\": \"%\"\r\n  },\r\n  \"bottomFrameMargin\": 5,\r\n  \"rowAttrs\": [\r\n    {\r\n      \"bgimage\": {\r\n        \"attid\": 1685,\r\n        \"url\": \"\/wp-content\/uploads\/sites\/2\/2024\/12\/institute_gods_wide_2.jpg\",\r\n        \"sizes\": {\r\n          \"_1920\": {\r\n            \"w\": 1920,\r\n            \"h\": 436,\r\n            \"url\": \"\/wp-content\/uploads\/sites\/2\/2024\/12\/institute_gods_wide_2-1920x436.jpg\"\r\n          },\r\n          \"_1280\": {\r\n            \"w\": 1280,\r\n            \"h\": 291,\r\n            \"url\": \"\/wp-content\/uploads\/sites\/2\/2024\/12\/institute_gods_wide_2-1280x291.jpg\"\r\n          },\r\n          \"_1024\": {\r\n            \"w\": 1024,\r\n            \"h\": 233,\r\n            \"url\": \"\/wp-content\/uploads\/sites\/2\/2024\/12\/institute_gods_wide_2-1024x233.jpg\"\r\n          },\r\n          \"_768\": {\r\n            \"w\": 768,\r\n            \"h\": 175,\r\n            \"url\": \"\/wp-content\/uploads\/sites\/2\/2024\/12\/institute_gods_wide_2-768x175.jpg\"\r\n          },\r\n          \"_512\": {\r\n            \"w\": 512,\r\n            \"h\": 116,\r\n            \"url\": \"\/wp-content\/uploads\/sites\/2\/2024\/12\/institute_gods_wide_2-512x116.jpg\"\r\n          },\r\n          \"_265\": {\r\n            \"w\": 265,\r\n            \"h\": 60,\r\n            \"url\": \"\/wp-content\/uploads\/sites\/2\/2024\/12\/institute_gods_wide_2-265x60.jpg\"\r\n          }\r\n        }\r\n      },\r\n      \"row100vh\": false,\r\n      \"rowcustomheight\": \"18vh\",\r\n      \"relid\": 19\r\n    },\r\n    {\r\n      \"relid\": 3\r\n    },\r\n    {\r\n      \"relid\": 1\r\n    },\r\n    {\r\n      \"relid\": 17\r\n    },\r\n    {\r\n      \"relid\": 4\r\n    },\r\n    {\r\n      \"collapse\": true,\r\n      \"relid\": 7\r\n    },\r\n    {\r\n      \"relid\": 9\r\n    },\r\n    {\r\n      \"collapse\": true,\r\n      \"relid\": 11\r\n    },\r\n    {\r\n      \"relid\": 13\r\n    },\r\n    {\r\n      \"collapse\": true,\r\n      \"relid\": 15\r\n    }\r\n  ],\r\n  \"bgColor\": null,\r\n  \"bgImage\": null,\r\n  \"cont\": [\r\n    {\r\n      \"type\": \"hr\",\r\n      \"cont\": \"\",\r\n      \"align\": \"middle\",\r\n      \"row\": 1,\r\n      \"col\": 0,\r\n      \"colspan\": 1,\r\n      \"offsetx\": 0,\r\n      \"offsety\": 0,\r\n      \"spaceabove\": 0,\r\n      \"spacebelow\": 0,\r\n      \"yvel\": 1,\r\n      \"push\": 0,\r\n      \"relid\": 5,\r\n      \"absolute_position\": false,\r\n      \"classes\": \"deco-line\"\r\n    },\r\n    {\r\n      \"type\": \"text\",\r\n      \"cont\": \"<h1 class=\\\"_Headline\\\">Indology and South Asian Studies in German-speaking countries<\/h1>\",\r\n      \"align\": \"middle\",\r\n      \"row\": 2,\r\n      \"col\": 0,\r\n      \"colspan\": 3,\r\n      \"offsetx\": 0,\r\n      \"offsety\": 0,\r\n      \"spaceabove\": 0,\r\n      \"spacebelow\": 0,\r\n      \"yvel\": 1,\r\n      \"push\": 0,\r\n      \"relid\": 2,\r\n      \"absolute_position\": false,\r\n      \"frameOverflow\": \"\"\r\n    },\r\n    {\r\n      \"type\": \"text\",\r\n      \"cont\": \"<p class=\\\"_Default\\\">Lorem ipsum dolor sit amet, consetetur sadipscing elitr, sed diam nonumy eirmod tempor invidunt ut labore et dolore magna aliquyam erat, sed diam voluptua. At vero eos et accusam et justo duo dolores et ea rebum. Stet clita kasd gubergren, no sea takimata sanctus est Lorem ipsum dolor sit amet.<\/p>\",\r\n      \"align\": \"middle\",\r\n      \"row\": 3,\r\n      \"col\": 0,\r\n      \"colspan\": 3,\r\n      \"offsetx\": 0,\r\n      \"offsety\": 0,\r\n      \"spaceabove\": 0,\r\n      \"spacebelow\": 0,\r\n      \"yvel\": 1,\r\n      \"push\": 0,\r\n      \"relid\": 18,\r\n      \"absolute_position\": false,\r\n      \"frameOverflow\": \"\"\r\n    },\r\n    {\r\n      \"type\": \"text\",\r\n      \"cont\": \"<h3 class=\\\"_Headline_3\\\">Deutschland<span> <a class=\\\"laybutton3 laybutton\\\" href=\\\"#expandrow\\\" data-expand=\\\"7\\\" data-animation=\\\"400\\\" data-animationtiming=\\\"cubic-bezier(0.17,0.84,0.44,1)\\\" data-replacementtext=\\\"- schlie\u00dfen\\\" data-collapseotherrows=\\\"true\\\" data-scrolltoexpandedrow=\\\"false\\\">+ mehr erfahren<\/a><\/span><\/h3>\",\r\n      \"align\": \"middle\",\r\n      \"row\": 4,\r\n      \"col\": 0,\r\n      \"colspan\": 2,\r\n      \"offsetx\": 0,\r\n      \"offsety\": 0,\r\n      \"spaceabove\": 0,\r\n      \"spacebelow\": 0,\r\n      \"yvel\": 1,\r\n      \"push\": 0,\r\n      \"relid\": 6,\r\n      \"absolute_position\": false,\r\n      \"frameOverflow\": \"\"\r\n    },\r\n    {\r\n      \"type\": \"text\",\r\n      \"cont\": \"<p class=\\\"_Default\\\"><span>Berlin<\/span><\/p><p class=\\\"_Default\\\" style=\\\"padding-left: 40px;\\\"><span>Seminar f\u00fcr S\u00fcdasienstudien<br \/>Humboldt-Universit\u00e4t zu Berlin<br \/><\/span><span><a rel=\\\"noopener\\\" href=\\\"https:\/\/www.iaaw.hu-berlin.de\/de\/region\/suedasien\/suedasien\\\" target=\\\"_blank\\\">https:\/\/iaaw.hu-berlin.de\/suedasien<\/a><\/span><\/p><p class=\\\"_Default\\\"><span>Bonn<\/span><\/p><p class=\\\"_Default\\\" style=\\\"padding-left: 40px;\\\"><span>Abteilung f\u00fcr S\u00fcdasienstudien, Institut f\u00fcr Orient- und Asienwissenschaften<br \/>Rheinische Friedrich-Wilhelms-Universit\u00e4t Bonn<br \/><\/span><span><a rel=\\\"noopener\\\" href=\\\"https:\/\/www.ioa.uni-bonn.de\/de\/inst\/suedasien\\\" target=\\\"_blank\\\">https:\/\/www.ioa.uni-bonn.de\/de\/inst\/suedasien<\/a><\/span><\/p><p class=\\\"_Default\\\"><span>G\u00f6ttingen<br \/><\/span><\/p><p class=\\\"_Default\\\" style=\\\"padding-left: 40px;\\\"><span>Centre for Modern Indian Studies (CeMIS)<br \/>Georg-August-Universit\u00e4t G\u00f6ttingen<br \/><\/span><span><a rel=\\\"noopener\\\" href=\\\"https:\/\/www.uni-goettingen.de\/de\/131257.html\\\" target=\\\"_blank\\\">https:\/\/www.uni-goettingen.de\/de\/131257.html<\/a><\/span><\/p><p class=\\\"_Default\\\" style=\\\"padding-left: 40px;\\\"><span>Seminar f\u00fcr Indologie und Tibetologie<br \/>Georg-August-Universit\u00e4t G\u00f6ttingen<br \/><\/span><span><a rel=\\\"noopener\\\" href=\\\"http:\/\/www.indologie.uni-goettingen.de\/\\\" target=\\\"_blank\\\">http:\/\/www.indologie.uni-goettingen.de\/<\/a><\/span><\/p><p class=\\\"_Default\\\"><span>Halle<\/span><\/p><p class=\\\"_Default\\\" style=\\\"padding-left: 40px;\\\"><span>Seminar f\u00fcr Indologie<br \/>Martin-Luther-Universit\u00e4t Halle-Wittenberg<br \/><\/span><span><a rel=\\\"noopener\\\" href=\\\"http:\/\/www.indologie.uni-halle.de\/\\\" target=\\\"_blank\\\">http:\/\/www.indologie.uni-halle.de\/<\/a><\/span><\/p><p class=\\\"_Default\\\" style=\\\"padding-left: 40px;\\\"><span>S\u00fcdasien-Seminar<br \/>Martin-Luther-Universit\u00e4t Halle-Wittenberg<br \/><\/span><span><a rel=\\\"noopener\\\" href=\\\"http:\/\/www.suedasien.uni-halle.de\/\\\" target=\\\"_blank\\\">http:\/\/www.suedasien.uni-halle.de\/<\/a><\/span><\/p><p class=\\\"_Default\\\"><span>Hamburg<br \/><\/span><\/p><p class=\\\"_Default\\\" style=\\\"padding-left: 40px;\\\"><span>Abteilung f\u00fcr Kultur und Geschichte Indiens und Tibets<br \/>Universit\u00e4t Hamburg<br \/><\/span><span><a rel=\\\"noopener\\\" href=\\\"http:\/\/www.aai.uni-hamburg.de\/indtib\/\\\" target=\\\"_blank\\\">http:\/\/www.aai.uni-hamburg.de\/indtib\/<\/a><\/span><\/p><p class=\\\"_Default\\\"><span>Heidelberg<br \/><\/span><\/p><p class=\\\"_Default\\\" style=\\\"padding-left: 40px;\\\"><span>S\u00fcdasien-Institut<br \/>Ruprecht-Karls-Universit\u00e4t Heidelberg<br \/><\/span><span><a rel=\\\"noopener\\\" href=\\\"http:\/\/www.sai.uni-heidelberg.de\/\\\" target=\\\"_blank\\\">http:\/\/www.sai.uni-heidelberg.de\/<\/a><\/span><\/p><p class=\\\"_Default\\\"><span>K\u00f6ln<br \/><\/span><\/p><p class=\\\"_Default\\\" style=\\\"padding-left: 40px;\\\"><span>Indologie und Tamil-Studien des Instituts f\u00fcr S\u00fcdasien- und S\u00fcdostasien-Studien (SASOA)<br \/>Universit\u00e4t zu K\u00f6ln<br \/><\/span><span><a rel=\\\"noopener\\\" href=\\\"http:\/\/www.indologie.phil-fak.uni-koeln.de\/\\\" target=\\\"_blank\\\">http:\/\/www.indologie.phil-fak.uni-koeln.de\/<\/a><\/span><\/p><p class=\\\"_Default\\\"><span>Leipzig<br \/><\/span><\/p><p class=\\\"_Default\\\" style=\\\"padding-left: 40px;\\\"><span>Institut f\u00fcr Indologie und Zentralasienwissenschaften<br \/>Universit\u00e4t Leipzig<br \/><\/span><span><a rel=\\\"noopener\\\" href=\\\"https:\/\/www.gkr.uni-leipzig.de\/institut-fuer-indologie-und-zentralasienwissenschaften\/institut\/\\\" target=\\\"_blank\\\">hhttps:\/\/www.gkr.uni-leipzig.de\/institut-fuer-indologie-und-zentralasienwissenschaften\/institut\/<\/a><\/span><\/p><p class=\\\"_Default\\\"><span>Mainz<br \/><\/span><\/p><p class=\\\"_Default\\\" style=\\\"padding-left: 40px;\\\"><span>Gutenberg-Institut f\u00fcr Weltliteratur und schriftorientierte Medien \u2013 Arbeitsbereich Indologie<br \/>Johannes Gutenberg-Universit\u00e4t Mainz<br \/><\/span><span><a rel=\\\"noopener\\\" href=\\\"http:\/\/www.indologie.uni-mainz.de\/\\\" target=\\\"_blank\\\">http:\/\/www.indologie.uni-mainz.de\/<\/a><\/span><\/p><p class=\\\"_Default\\\"><span>Marburg<br \/><\/span><\/p><p class=\\\"_Default\\\" style=\\\"padding-left: 40px;\\\"><span>Fachgebiet Indologie und Tibetologie<br \/>Phillips-Universit\u00e4t Marburg<br \/><\/span><span><a rel=\\\"noopener\\\" href=\\\"http:\/\/www.uni-marburg.de\/fb10\/iksl\/indologie\\\" target=\\\"_blank\\\">http:\/\/www.uni-marburg.de\/fb10\/iksl\/indologie<\/a><\/span><\/p><p class=\\\"_Default\\\"><span>M\u00fcnchen<br \/><\/span><\/p><p class=\\\"_Default\\\" style=\\\"padding-left: 40px;\\\"><span>Institut f\u00fcr Indologie und Tibetologie<br \/>Ludwig-Maximilians-Universit\u00e4t M\u00fcnchen<br \/><\/span><span><a rel=\\\"noopener\\\" href=\\\"http:\/\/www.indologie.uni-muenchen.de\/index.html\\\" target=\\\"_blank\\\">http:\/\/www.indologie.uni-muenchen.de\/index.html<\/a><\/span><\/p><p class=\\\"_Default\\\"><span>T\u00fcbingen<br \/><\/span><\/p><p class=\\\"_Default\\\" style=\\\"padding-left: 40px;\\\"><span>Abteilung f\u00fcr Indologie und Vergleichende Religionswissenschaft<br \/>Eberhard-Karls-Universit\u00e4t T\u00fcbingen<br \/><\/span><span><a rel=\\\"noopener\\\" href=\\\"https:\/\/uni-tuebingen.de\/fakultaeten\/philosophische-fakultaet\/fachbereiche\/asien-orient-wissenschaften\/indologie\/\\\" target=\\\"_blank\\\">https:\/\/uni-tuebingen.de\/fakultaeten\/philosophische-fakultaet\/fachbereiche\/asien-orient-wissenschaften\/indologie\/<\/a><\/span><\/p><p class=\\\"_Default\\\"><span>W\u00fcrzburg<br \/><\/span><\/p><p class=\\\"_Default\\\" style=\\\"padding-left: 40px;\\\"><span>Lehrstuhl f\u00fcr Indologie<br \/>Julius-Maximilians-Universit\u00e4t W\u00fcrzburg<br \/><\/span><span><a rel=\\\"noopener\\\" href=\\\"https:\/\/www.phil.uni-wuerzburg.de\/indologie\/\\\" target=\\\"_blank\\\">http:\/\/www.phil.uni-wuerzburg.de\/indologie\/<\/a><\/span><\/p>\",\r\n      \"align\": \"middle\",\r\n      \"row\": 5,\r\n      \"col\": 0,\r\n      \"colspan\": 2,\r\n      \"offsetx\": 0,\r\n      \"offsety\": 0,\r\n      \"spaceabove\": 0,\r\n      \"spacebelow\": 0,\r\n      \"yvel\": 1,\r\n      \"push\": 0,\r\n      \"relid\": 8,\r\n      \"absolute_position\": false,\r\n      \"frameOverflow\": \"\"\r\n    },\r\n    {\r\n      \"type\": \"text\",\r\n      \"cont\": \"<h3 class=\\\"_Headline_3\\\">\u00d6sterreich <span class=\\\"_Navigation\\\"><a class=\\\"laybutton3 laybutton\\\" href=\\\"#expandrow\\\" data-expand=\\\"11\\\" data-animation=\\\"400\\\" data-animationtiming=\\\"cubic-bezier(0.17,0.84,0.44,1)\\\" data-replacementtext=\\\"- schlie\u00dfen\\\" data-collapseotherrows=\\\"true\\\" data-scrolltoexpandedrow=\\\"false\\\">+ mehr erfahren<\/a><\/span><\/h3>\",\r\n      \"align\": \"middle\",\r\n      \"row\": 6,\r\n      \"col\": 0,\r\n      \"colspan\": 2,\r\n      \"offsetx\": 0,\r\n      \"offsety\": 0,\r\n      \"spaceabove\": 0,\r\n      \"spacebelow\": 0,\r\n      \"yvel\": 1,\r\n      \"push\": 0,\r\n      \"relid\": 10,\r\n      \"absolute_position\": false,\r\n      \"frameOverflow\": \"\"\r\n    },\r\n    {\r\n      \"type\": \"text\",\r\n      \"cont\": \"<p class=\\\"_Default\\\"><span>Wien<br \/><\/span><\/p><p class=\\\"_Default\\\" style=\\\"padding-left: 40px;\\\"><span>Institut f\u00fcr S\u00fcdasien-, Tibet- und Buddhismuskunde<br \/>Universit\u00e4t Wien<br \/><\/span><span><a rel=\\\"noopener\\\" href=\\\"http:\/\/stb.univie.ac.at\/\\\" target=\\\"_blank\\\">http:\/\/stb.univie.ac.at\/<\/a><br \/><\/span><\/p><p class=\\\"_Default\\\" style=\\\"padding-left: 40px;\\\"><span>Institut f\u00fcr Kultur- und Geistesgeschichte Asiens<br \/>\u00d6sterreichische Akademie der Wissenschaften<br \/><\/span><span><a rel=\\\"noopener\\\" href=\\\"http:\/\/ikga.oeaw.ac.at\/\\\" target=\\\"_blank\\\">http:\/\/ikga.oeaw.ac.at\/<\/a><\/span><\/p>\",\r\n      \"align\": \"middle\",\r\n      \"row\": 7,\r\n      \"col\": 0,\r\n      \"colspan\": 2,\r\n      \"offsetx\": 0,\r\n      \"offsety\": 0,\r\n      \"spaceabove\": 0,\r\n      \"spacebelow\": 0,\r\n      \"yvel\": 1,\r\n      \"push\": 0,\r\n      \"relid\": 12,\r\n      \"absolute_position\": false,\r\n      \"frameOverflow\": \"\"\r\n    },\r\n    {\r\n      \"type\": \"text\",\r\n      \"cont\": \"<h3 class=\\\"_Headline_3\\\">Schweiz <span class=\\\"_Navigation\\\"><a class=\\\"laybutton3 laybutton\\\" href=\\\"#expandrow\\\" data-expand=\\\"15\\\" data-animation=\\\"400\\\" data-animationtiming=\\\"cubic-bezier(0.17,0.84,0.44,1)\\\" data-replacementtext=\\\"- schlie\u00dfen\\\" data-collapseotherrows=\\\"true\\\" data-scrolltoexpandedrow=\\\"false\\\">+ mehr erfahren<\/a><\/span><\/h3>\",\r\n      \"align\": \"middle\",\r\n      \"row\": 8,\r\n      \"col\": 0,\r\n      \"colspan\": 2,\r\n      \"offsetx\": 0,\r\n      \"offsety\": 0,\r\n      \"spaceabove\": 0,\r\n      \"spacebelow\": 0,\r\n      \"yvel\": 1,\r\n      \"push\": 0,\r\n      \"relid\": 14,\r\n      \"absolute_position\": false,\r\n      \"frameOverflow\": \"\"\r\n    },\r\n    {\r\n      \"type\": \"text\",\r\n      \"cont\": \"<p class=\\\"_Default\\\"><span>Lausanne<br \/><\/span><\/p><p class=\\\"_Default\\\" style=\\\"padding-left: 40px;\\\"><span>Section de langues et civilisations slaves et de l'Asie du Sud<br \/>Universit\u00e9 de Lausanne<br \/><\/span><span><a rel=\\\"noopener\\\" href=\\\"https:\/\/www.unil.ch\/slas\/fr\/home.html\\\" target=\\\"_blank\\\">https:\/\/www.unil.ch\/slas\/fr\/home.html<\/a><\/span><\/p><p class=\\\"_Default\\\"><span>Z\u00fcrich<br \/><\/span><\/p><p class=\\\"_Default\\\" style=\\\"padding-left: 40px;\\\"><span>Abteilung Indologie des Asien-Orient-Instituts (AOI)<br \/>Universit\u00e4t Z\u00fcrich<br \/><\/span><span><a rel=\\\"noopener\\\" href=\\\"https:\/\/www.aoi.uzh.ch\/de\/indologie.html\\\" target=\\\"_blank\\\">http:\/\/www.indologie.uzh.ch\/index.html<\/a><\/span><\/p>\",\r\n      \"align\": \"middle\",\r\n      \"row\": 9,\r\n      \"col\": 0,\r\n      \"colspan\": 2,\r\n      \"offsetx\": 0,\r\n      \"offsety\": 0,\r\n      \"spaceabove\": 0,\r\n      \"spacebelow\": 0,\r\n      \"yvel\": 1,\r\n      \"push\": 0,\r\n      \"relid\": 16,\r\n      \"absolute_position\": false,\r\n      \"frameOverflow\": \"\"\r\n    }\r\n  ]\r\n}","phonegrid":"","_links":{"self":[{"href":"https:\/\/dmg-web.de\/sektion-indologie-suedasienstudien\/wp-json\/wp\/v2\/pages\/1707","targetHints":{"allow":["GET"]}}],"collection":[{"href":"https:\/\/dmg-web.de\/sektion-indologie-suedasienstudien\/wp-json\/wp\/v2\/pages"}],"about":[{"href":"https:\/\/dmg-web.de\/sektion-indologie-suedasienstudien\/wp-json\/wp\/v2\/types\/page"}],"author":[{"embeddable":true,"href":"https:\/\/dmg-web.de\/sektion-indologie-suedasienstudien\/wp-json\/wp\/v2\/users\/2"}],"replies":[{"embeddable":true,"href":"https:\/\/dmg-web.de\/sektion-indologie-suedasienstudien\/wp-json\/wp\/v2\/comments?post=1707"}],"version-history":[{"count":0,"href":"https:\/\/dmg-web.de\/sektion-indologie-suedasienstudien\/wp-json\/wp\/v2\/pages\/1707\/revisions"}],"wp:attachment":[{"href":"https:\/\/dmg-web.de\/sektion-indologie-suedasienstudien\/wp-json\/wp\/v2\/media?parent=1707"}],"curies":[{"name":"wp","href":"https:\/\/api.w.org\/{rel}","templated":true}]}}