{"id":1703,"date":"2025-01-22T22:00:59","date_gmt":"2025-01-22T21:00:59","guid":{"rendered":"https:\/\/dmg-web.de\/sektion-indologie-suedasienstudien\/home-ueber-uns-copy\/"},"modified":"2025-09-15T20:23:21","modified_gmt":"2025-09-15T18:23:21","slug":"home-about","status":"publish","type":"page","link":"https:\/\/dmg-web.de\/sektion-indologie-suedasienstudien\/en\/home-about\/","title":{"rendered":"Home EN"},"content":{"rendered":"","protected":false},"excerpt":{"rendered":"","protected":false},"author":2,"featured_media":0,"parent":0,"menu_order":2,"comment_status":"closed","ping_status":"closed","template":"","meta":[],"class_list":["post-1703","page","type-page","status-publish","hentry"],"grid":"{\r\n  \"colCount\": 4,\r\n  \"colGutter\": 1,\r\n  \"rowGutters\": [\r\n    2,\r\n    1,\r\n    3,\r\n    2\r\n  ],\r\n  \"frameMargin\": 5,\r\n  \"leftFrameMargin\": 15,\r\n  \"rightFrameMargin\": 10,\r\n  \"topFrameMargin\": 45,\r\n  \"mus\": {\r\n    \"colGutterMu\": \"%\",\r\n    \"rowGutterMu\": \"%\",\r\n    \"topFrameMu\": \"px\",\r\n    \"bottomFrameMu\": \"%\",\r\n    \"frameMu\": \"%\"\r\n  },\r\n  \"bottomFrameMargin\": 5,\r\n  \"rowAttrs\": [\r\n    {\r\n      \"row100vh\": false,\r\n      \"webglslideshow\": {\r\n        \"carousel_options\": {\r\n          \"transition\": \"directionalwipe\",\r\n          \"autoplaySpeed\": 2000,\r\n          \"autoplayDelay\": 2000,\r\n          \"transitionSpeed\": 4000,\r\n          \"random\": false\r\n        },\r\n        \"carousel\": [\r\n          {\r\n            \"type\": \"img\",\r\n            \"attid\": 1652,\r\n            \"cont\": \"\/wp-content\/uploads\/sites\/2\/2024\/12\/hauptseite_svayambhu.jpg\",\r\n            \"sizes\": {\r\n              \"full\": \"\/wp-content\/uploads\/sites\/2\/2024\/12\/hauptseite_svayambhu.jpg\",\r\n              \"_1920\": \"\/wp-content\/uploads\/sites\/2\/2024\/12\/hauptseite_svayambhu-1920x1080.jpg\",\r\n              \"_1280\": \"\/wp-content\/uploads\/sites\/2\/2024\/12\/hauptseite_svayambhu-1280x720.jpg\",\r\n              \"_1024\": \"\/wp-content\/uploads\/sites\/2\/2024\/12\/hauptseite_svayambhu-1024x576.jpg\",\r\n              \"_768\": \"\/wp-content\/uploads\/sites\/2\/2024\/12\/hauptseite_svayambhu-768x432.jpg\",\r\n              \"_512\": \"\/wp-content\/uploads\/sites\/2\/2024\/12\/hauptseite_svayambhu-512x288.jpg\",\r\n              \"_265\": \"\/wp-content\/uploads\/sites\/2\/2024\/12\/hauptseite_svayambhu-265x149.jpg\"\r\n            },\r\n            \"w\": 2200,\r\n            \"h\": 1238,\r\n            \"ar\": 0.5627272727272727,\r\n            \"alt\": \"\"\r\n          },\r\n          {\r\n            \"type\": \"img\",\r\n            \"attid\": 1653,\r\n            \"cont\": \"\/wp-content\/uploads\/sites\/2\/2024\/12\/ueber_uns_bodhnath.jpg\",\r\n            \"sizes\": {\r\n              \"full\": \"\/wp-content\/uploads\/sites\/2\/2024\/12\/ueber_uns_bodhnath.jpg\",\r\n              \"_1920\": \"\/wp-content\/uploads\/sites\/2\/2024\/12\/ueber_uns_bodhnath-1920x1080.jpg\",\r\n              \"_1280\": \"\/wp-content\/uploads\/sites\/2\/2024\/12\/ueber_uns_bodhnath-1280x720.jpg\",\r\n              \"_1024\": \"\/wp-content\/uploads\/sites\/2\/2024\/12\/ueber_uns_bodhnath-1024x576.jpg\",\r\n              \"_768\": \"\/wp-content\/uploads\/sites\/2\/2024\/12\/ueber_uns_bodhnath-768x432.jpg\",\r\n              \"_512\": \"\/wp-content\/uploads\/sites\/2\/2024\/12\/ueber_uns_bodhnath-512x288.jpg\",\r\n              \"_265\": \"\/wp-content\/uploads\/sites\/2\/2024\/12\/ueber_uns_bodhnath-265x149.jpg\"\r\n            },\r\n            \"w\": 2200,\r\n            \"h\": 1238,\r\n            \"ar\": 0.5627272727272727,\r\n            \"alt\": \"\"\r\n          },\r\n          {\r\n            \"type\": \"img\",\r\n            \"attid\": 1657,\r\n            \"cont\": \"\/wp-content\/uploads\/sites\/2\/2024\/12\/geschaeftsordnung_script_puzzle.jpg\",\r\n            \"sizes\": {\r\n              \"full\": \"\/wp-content\/uploads\/sites\/2\/2024\/12\/geschaeftsordnung_script_puzzle.jpg\",\r\n              \"_1920\": \"\/wp-content\/uploads\/sites\/2\/2024\/12\/geschaeftsordnung_script_puzzle-1920x1080.jpg\",\r\n              \"_1280\": \"\/wp-content\/uploads\/sites\/2\/2024\/12\/geschaeftsordnung_script_puzzle-1280x720.jpg\",\r\n              \"_1024\": \"\/wp-content\/uploads\/sites\/2\/2024\/12\/geschaeftsordnung_script_puzzle-1024x576.jpg\",\r\n              \"_768\": \"\/wp-content\/uploads\/sites\/2\/2024\/12\/geschaeftsordnung_script_puzzle-768x432.jpg\",\r\n              \"_512\": \"\/wp-content\/uploads\/sites\/2\/2024\/12\/geschaeftsordnung_script_puzzle-512x288.jpg\",\r\n              \"_265\": \"\/wp-content\/uploads\/sites\/2\/2024\/12\/geschaeftsordnung_script_puzzle-265x149.jpg\"\r\n            },\r\n            \"w\": 2200,\r\n            \"h\": 1238,\r\n            \"ar\": 0.5627272727272727,\r\n            \"alt\": \"\"\r\n          },\r\n          {\r\n            \"type\": \"img\",\r\n            \"attid\": 1686,\r\n            \"cont\": \"\/wp-content\/uploads\/sites\/2\/2024\/12\/sprecher_lady_in_ruins_wide.jpg\",\r\n            \"sizes\": {\r\n              \"full\": \"\/wp-content\/uploads\/sites\/2\/2024\/12\/sprecher_lady_in_ruins_wide.jpg\",\r\n              \"_1920\": \"\/wp-content\/uploads\/sites\/2\/2024\/12\/sprecher_lady_in_ruins_wide-1920x436.jpg\",\r\n              \"_1280\": \"\/wp-content\/uploads\/sites\/2\/2024\/12\/sprecher_lady_in_ruins_wide-1280x291.jpg\",\r\n              \"_1024\": \"\/wp-content\/uploads\/sites\/2\/2024\/12\/sprecher_lady_in_ruins_wide-1024x233.jpg\",\r\n              \"_768\": \"\/wp-content\/uploads\/sites\/2\/2024\/12\/sprecher_lady_in_ruins_wide-768x175.jpg\",\r\n              \"_512\": \"\/wp-content\/uploads\/sites\/2\/2024\/12\/sprecher_lady_in_ruins_wide-512x116.jpg\",\r\n              \"_265\": \"\/wp-content\/uploads\/sites\/2\/2024\/12\/sprecher_lady_in_ruins_wide-265x60.jpg\"\r\n            },\r\n            \"w\": 2200,\r\n            \"h\": 500,\r\n            \"ar\": 0.22727272727272727,\r\n            \"alt\": \"\"\r\n          },\r\n          {\r\n            \"type\": \"img\",\r\n            \"attid\": 1659,\r\n            \"cont\": \"\/wp-content\/uploads\/sites\/2\/2024\/12\/mitglieder_dipankara.jpg\",\r\n            \"sizes\": {\r\n              \"full\": \"\/wp-content\/uploads\/sites\/2\/2024\/12\/mitglieder_dipankara.jpg\",\r\n              \"_1920\": \"\/wp-content\/uploads\/sites\/2\/2024\/12\/mitglieder_dipankara-1920x1080.jpg\",\r\n              \"_1280\": \"\/wp-content\/uploads\/sites\/2\/2024\/12\/mitglieder_dipankara-1280x720.jpg\",\r\n              \"_1024\": \"\/wp-content\/uploads\/sites\/2\/2024\/12\/mitglieder_dipankara-1024x576.jpg\",\r\n              \"_768\": \"\/wp-content\/uploads\/sites\/2\/2024\/12\/mitglieder_dipankara-768x432.jpg\",\r\n              \"_512\": \"\/wp-content\/uploads\/sites\/2\/2024\/12\/mitglieder_dipankara-512x288.jpg\",\r\n              \"_265\": \"\/wp-content\/uploads\/sites\/2\/2024\/12\/mitglieder_dipankara-265x149.jpg\"\r\n            },\r\n            \"w\": 2200,\r\n            \"h\": 1238,\r\n            \"ar\": 0.5627272727272727,\r\n            \"alt\": \"\"\r\n          },\r\n          {\r\n            \"type\": \"img\",\r\n            \"attid\": 1685,\r\n            \"cont\": \"\/wp-content\/uploads\/sites\/2\/2024\/12\/institute_gods_wide_2.jpg\",\r\n            \"sizes\": {\r\n              \"full\": \"\/wp-content\/uploads\/sites\/2\/2024\/12\/institute_gods_wide_2.jpg\",\r\n              \"_1920\": \"\/wp-content\/uploads\/sites\/2\/2024\/12\/institute_gods_wide_2-1920x436.jpg\",\r\n              \"_1280\": \"\/wp-content\/uploads\/sites\/2\/2024\/12\/institute_gods_wide_2-1280x291.jpg\",\r\n              \"_1024\": \"\/wp-content\/uploads\/sites\/2\/2024\/12\/institute_gods_wide_2-1024x233.jpg\",\r\n              \"_768\": \"\/wp-content\/uploads\/sites\/2\/2024\/12\/institute_gods_wide_2-768x175.jpg\",\r\n              \"_512\": \"\/wp-content\/uploads\/sites\/2\/2024\/12\/institute_gods_wide_2-512x116.jpg\",\r\n              \"_265\": \"\/wp-content\/uploads\/sites\/2\/2024\/12\/institute_gods_wide_2-265x60.jpg\"\r\n            },\r\n            \"w\": 2200,\r\n            \"h\": 500,\r\n            \"ar\": 0.22727272727272727,\r\n            \"alt\": \"\"\r\n          },\r\n          {\r\n            \"type\": \"img\",\r\n            \"attid\": 1654,\r\n            \"cont\": \"\/wp-content\/uploads\/sites\/2\/2024\/12\/datenbanken_prayer_wheels.jpg\",\r\n            \"sizes\": {\r\n              \"full\": \"\/wp-content\/uploads\/sites\/2\/2024\/12\/datenbanken_prayer_wheels.jpg\",\r\n              \"_1920\": \"\/wp-content\/uploads\/sites\/2\/2024\/12\/datenbanken_prayer_wheels-1920x1080.jpg\",\r\n              \"_1280\": \"\/wp-content\/uploads\/sites\/2\/2024\/12\/datenbanken_prayer_wheels-1280x720.jpg\",\r\n              \"_1024\": \"\/wp-content\/uploads\/sites\/2\/2024\/12\/datenbanken_prayer_wheels-1024x576.jpg\",\r\n              \"_768\": \"\/wp-content\/uploads\/sites\/2\/2024\/12\/datenbanken_prayer_wheels-768x432.jpg\",\r\n              \"_512\": \"\/wp-content\/uploads\/sites\/2\/2024\/12\/datenbanken_prayer_wheels-512x288.jpg\",\r\n              \"_265\": \"\/wp-content\/uploads\/sites\/2\/2024\/12\/datenbanken_prayer_wheels-265x149.jpg\"\r\n            },\r\n            \"w\": 2200,\r\n            \"h\": 1238,\r\n            \"ar\": 0.5627272727272727,\r\n            \"alt\": \"\"\r\n          },\r\n          {\r\n            \"type\": \"img\",\r\n            \"attid\": 1683,\r\n            \"cont\": \"\/wp-content\/uploads\/sites\/2\/2024\/12\/diskussionsforen_sun-_drummar_wide.jpg\",\r\n            \"sizes\": {\r\n              \"full\": \"\/wp-content\/uploads\/sites\/2\/2024\/12\/diskussionsforen_sun-_drummar_wide.jpg\",\r\n              \"_1920\": \"\/wp-content\/uploads\/sites\/2\/2024\/12\/diskussionsforen_sun-_drummar_wide-1920x436.jpg\",\r\n              \"_1280\": \"\/wp-content\/uploads\/sites\/2\/2024\/12\/diskussionsforen_sun-_drummar_wide-1280x291.jpg\",\r\n              \"_1024\": \"\/wp-content\/uploads\/sites\/2\/2024\/12\/diskussionsforen_sun-_drummar_wide-1024x233.jpg\",\r\n              \"_768\": \"\/wp-content\/uploads\/sites\/2\/2024\/12\/diskussionsforen_sun-_drummar_wide-768x175.jpg\",\r\n              \"_512\": \"\/wp-content\/uploads\/sites\/2\/2024\/12\/diskussionsforen_sun-_drummar_wide-512x116.jpg\",\r\n              \"_265\": \"\/wp-content\/uploads\/sites\/2\/2024\/12\/diskussionsforen_sun-_drummar_wide-265x60.jpg\"\r\n            },\r\n            \"w\": 2200,\r\n            \"h\": 500,\r\n            \"ar\": 0.22727272727272727,\r\n            \"alt\": \"\"\r\n          },\r\n          {\r\n            \"type\": \"img\",\r\n            \"attid\": 1688,\r\n            \"cont\": \"\/wp-content\/uploads\/sites\/2\/2024\/12\/foerderung_vihnu_wide.jpg\",\r\n            \"sizes\": {\r\n              \"full\": \"\/wp-content\/uploads\/sites\/2\/2024\/12\/foerderung_vihnu_wide.jpg\",\r\n              \"_1920\": \"\/wp-content\/uploads\/sites\/2\/2024\/12\/foerderung_vihnu_wide-1920x480.jpg\",\r\n              \"_1280\": \"\/wp-content\/uploads\/sites\/2\/2024\/12\/foerderung_vihnu_wide-1280x320.jpg\",\r\n              \"_1024\": \"\/wp-content\/uploads\/sites\/2\/2024\/12\/foerderung_vihnu_wide-1024x256.jpg\",\r\n              \"_768\": \"\/wp-content\/uploads\/sites\/2\/2024\/12\/foerderung_vihnu_wide-768x192.jpg\",\r\n              \"_512\": \"\/wp-content\/uploads\/sites\/2\/2024\/12\/foerderung_vihnu_wide-512x128.jpg\",\r\n              \"_265\": \"\/wp-content\/uploads\/sites\/2\/2024\/12\/foerderung_vihnu_wide-265x66.jpg\"\r\n            },\r\n            \"w\": 2000,\r\n            \"h\": 500,\r\n            \"ar\": 0.25,\r\n            \"alt\": \"\"\r\n          },\r\n          {\r\n            \"type\": \"img\",\r\n            \"attid\": 1689,\r\n            \"cont\": \"\/wp-content\/uploads\/sites\/2\/2024\/12\/nachrichten_bisket_jatra_wide.jpg\",\r\n            \"sizes\": {\r\n              \"full\": \"\/wp-content\/uploads\/sites\/2\/2024\/12\/nachrichten_bisket_jatra_wide.jpg\",\r\n              \"_1920\": \"\/wp-content\/uploads\/sites\/2\/2024\/12\/nachrichten_bisket_jatra_wide-1920x436.jpg\",\r\n              \"_1280\": \"\/wp-content\/uploads\/sites\/2\/2024\/12\/nachrichten_bisket_jatra_wide-1280x291.jpg\",\r\n              \"_1024\": \"\/wp-content\/uploads\/sites\/2\/2024\/12\/nachrichten_bisket_jatra_wide-1024x233.jpg\",\r\n              \"_768\": \"\/wp-content\/uploads\/sites\/2\/2024\/12\/nachrichten_bisket_jatra_wide-768x175.jpg\",\r\n              \"_512\": \"\/wp-content\/uploads\/sites\/2\/2024\/12\/nachrichten_bisket_jatra_wide-512x116.jpg\",\r\n              \"_265\": \"\/wp-content\/uploads\/sites\/2\/2024\/12\/nachrichten_bisket_jatra_wide-265x60.jpg\"\r\n            },\r\n            \"w\": 2200,\r\n            \"h\": 500,\r\n            \"ar\": 0.22727272727272727,\r\n            \"alt\": \"\"\r\n          },\r\n          {\r\n            \"type\": \"img\",\r\n            \"attid\": 1697,\r\n            \"cont\": \"\/wp-content\/uploads\/sites\/2\/2024\/12\/nn_patan_temple_wide.jpg\",\r\n            \"sizes\": {\r\n              \"full\": \"\/wp-content\/uploads\/sites\/2\/2024\/12\/nn_patan_temple_wide.jpg\",\r\n              \"_1920\": \"\/wp-content\/uploads\/sites\/2\/2024\/12\/nn_patan_temple_wide-1920x480.jpg\",\r\n              \"_1280\": \"\/wp-content\/uploads\/sites\/2\/2024\/12\/nn_patan_temple_wide-1280x320.jpg\",\r\n              \"_1024\": \"\/wp-content\/uploads\/sites\/2\/2024\/12\/nn_patan_temple_wide-1024x256.jpg\",\r\n              \"_768\": \"\/wp-content\/uploads\/sites\/2\/2024\/12\/nn_patan_temple_wide-768x192.jpg\",\r\n              \"_512\": \"\/wp-content\/uploads\/sites\/2\/2024\/12\/nn_patan_temple_wide-512x128.jpg\",\r\n              \"_265\": \"\/wp-content\/uploads\/sites\/2\/2024\/12\/nn_patan_temple_wide-265x66.jpg\"\r\n            },\r\n            \"w\": 2200,\r\n            \"h\": 550,\r\n            \"ar\": 0.25,\r\n            \"alt\": \"\"\r\n          }\r\n        ]\r\n      },\r\n      \"relid\": 4\r\n    },\r\n    {\r\n      \"relid\": 10\r\n    },\r\n    {\r\n      \"relid\": 2\r\n    },\r\n    {\r\n      \"relid\": 1\r\n    },\r\n    {\r\n      \"relid\": 7\r\n    }\r\n  ],\r\n  \"bgColor\": null,\r\n  \"bgImage\": null,\r\n  \"cont\": [\r\n    {\r\n      \"type\": \"img\",\r\n      \"cont\": \"\/wp-content\/uploads\/sites\/2\/2024\/12\/dmg_logo_sektion_indologie_sh.png\",\r\n      \"align\": \"middle\",\r\n      \"row\": 0,\r\n      \"col\": 0,\r\n      \"colspan\": 2,\r\n      \"offsetx\": 0,\r\n      \"offsety\": 0,\r\n      \"spaceabove\": 5,\r\n      \"spacebelow\": 5,\r\n      \"yvel\": 1,\r\n      \"push\": 0,\r\n      \"relid\": 6,\r\n      \"attid\": 1677,\r\n      \"sizes\": {\r\n        \"full\": \"\/wp-content\/uploads\/sites\/2\/2024\/12\/dmg_logo_sektion_indologie_sh.png\",\r\n        \"_1280\": \"\/wp-content\/uploads\/sites\/2\/2024\/12\/dmg_logo_sektion_indologie_sh-1280x294.png\",\r\n        \"_1024\": \"\/wp-content\/uploads\/sites\/2\/2024\/12\/dmg_logo_sektion_indologie_sh-1024x236.png\",\r\n        \"_768\": \"\/wp-content\/uploads\/sites\/2\/2024\/12\/dmg_logo_sektion_indologie_sh-768x177.png\",\r\n        \"_512\": \"\/wp-content\/uploads\/sites\/2\/2024\/12\/dmg_logo_sektion_indologie_sh-512x118.png\",\r\n        \"_265\": \"\/wp-content\/uploads\/sites\/2\/2024\/12\/dmg_logo_sektion_indologie_sh-265x61.png\"\r\n      },\r\n      \"w\": 1600,\r\n      \"h\": 368,\r\n      \"ar\": 0.23,\r\n      \"alt\": \"\",\r\n      \"absolute_position\": false\r\n    },\r\n    {\r\n      \"type\": \"hr\",\r\n      \"cont\": \"\",\r\n      \"align\": \"top\",\r\n      \"row\": 1,\r\n      \"col\": 0,\r\n      \"colspan\": 1,\r\n      \"offsetx\": 0,\r\n      \"offsety\": 0,\r\n      \"spaceabove\": 0,\r\n      \"spacebelow\": 0,\r\n      \"yvel\": 1,\r\n      \"push\": 0,\r\n      \"relid\": 11,\r\n      \"absolute_position\": false,\r\n      \"zIndex\": 3,\r\n      \"classes\": \"deco-line\"\r\n    },\r\n    {\r\n      \"type\": \"text\",\r\n      \"cont\": \"<h1 class=\\\"_Headline\\\">Section Indology and South Asian Studies<\/h1><p class=\\\"_Default\\\"><span>Die Sektion Indologie und S\u00fcdasienstudien hat das Ziel, die Belange des Faches innerhalb der DMG und gemeinsam mit dem Vorstand der DMG gegen\u00fcber Hochschulen und politischen Stellen zu vertreten. Mit diesbez\u00fcglichen Fragen und Anliegen kann man sich jederzeit an den Sektionssprecher wenden. Beitrittsformulare und Informationen zum Beitritt findet man auf der\u00a0<a rel=\\\"noopener\\\" href=\\\"http:\/\/www.dmg-web.de\/\\\" target=\\\"_blank\\\">DMG-Homepage<\/a>.<br \/><\/span><span><br \/>Die Sektion hat derzeit 86 Mitglieder (Stand: 15. September 2025).<\/span><\/p>\",\r\n      \"align\": \"top\",\r\n      \"row\": 2,\r\n      \"col\": 0,\r\n      \"colspan\": 4,\r\n      \"offsetx\": 0,\r\n      \"offsety\": 0,\r\n      \"spaceabove\": 0,\r\n      \"spacebelow\": 0,\r\n      \"yvel\": 1,\r\n      \"push\": 0,\r\n      \"relid\": 3,\r\n      \"absolute_position\": false,\r\n      \"zIndex\": 0,\r\n      \"frameOverflow\": \"\"\r\n    },\r\n    {\r\n      \"type\": \"text\",\r\n      \"cont\": \"<h2 class=\\\"_Headline_2\\\"><span>Indologie<\/span><\/h2><p class=\\\"_Default\\\"><span>Indologie ist eine auf den indischen Kulturraum bezogene, prim\u00e4r historisch-philologisch arbeitende Erkenntniswissenschaft auf der Grundlage von Quellen.<\/span><\/p>\",\r\n      \"align\": \"middle\",\r\n      \"row\": 3,\r\n      \"col\": 0,\r\n      \"colspan\": 4,\r\n      \"offsetx\": 0,\r\n      \"offsety\": 0,\r\n      \"spaceabove\": 0,\r\n      \"spacebelow\": 0,\r\n      \"yvel\": 1,\r\n      \"push\": 0,\r\n      \"relid\": 5,\r\n      \"absolute_position\": false,\r\n      \"frameOverflow\": \"\"\r\n    },\r\n    {\r\n      \"type\": \"text\",\r\n      \"cont\": \"<h2 class=\\\"_Headline_2\\\"><span>S\u00fcdasienstudien<\/span><\/h2><p class=\\\"_Default\\\"><span>S\u00fcdasienstudien bezeichnet Forschung auf der Basis von neusprachlichen Quellen aus der Region S\u00fcdasien sowie historische, ethnologische und gesellschaftswissenschaftliche Forschung, die sich anhand der jeweiligen disziplin\u00e4ren Methoden mit S\u00fcdasien besch\u00e4ftigt.<\/span><\/p>\",\r\n      \"align\": \"middle\",\r\n      \"row\": 4,\r\n      \"col\": 0,\r\n      \"colspan\": 4,\r\n      \"offsetx\": 0,\r\n      \"offsety\": 0,\r\n      \"spaceabove\": 0,\r\n      \"spacebelow\": 0,\r\n      \"yvel\": 1,\r\n      \"push\": 0,\r\n      \"relid\": 8,\r\n      \"absolute_position\": false,\r\n      \"frameOverflow\": \"\"\r\n    }\r\n  ]\r\n}","phonegrid":"{\r\n  \"colCount\": 1,\r\n  \"colGutter\": 1,\r\n  \"rowGutters\": [\r\n    10,\r\n    \"4\",\r\n    10,\r\n    10\r\n  ],\r\n  \"frameMargin\": 5,\r\n  \"topFrameMargin\": 0,\r\n  \"rightFrameMargin\": 5,\r\n  \"bottomFrameMargin\": 15,\r\n  \"leftFrameMargin\": 5,\r\n  \"mus\": {\r\n    \"colGutterMu\": \"%\",\r\n    \"rowGutterMu\": \"%\",\r\n    \"topFrameMu\": \"px\",\r\n    \"bottomFrameMu\": \"%\",\r\n    \"frameMu\": \"%\"\r\n  },\r\n  \"rowAttrs\": [\r\n    {\r\n      \"relid\": 9,\r\n      \"bgimage\": {\r\n        \"attid\": 1699,\r\n        \"url\": \"\/wp-content\/uploads\/sites\/2\/2024\/12\/datenbanken_prayer_wheels_mobil.jpg\",\r\n        \"sizes\": {\r\n          \"_768\": {\r\n            \"w\": 768,\r\n            \"h\": 432,\r\n            \"url\": \"\/wp-content\/uploads\/sites\/2\/2024\/12\/datenbanken_prayer_wheels_mobil-768x432.jpg\"\r\n          },\r\n          \"_512\": {\r\n            \"w\": 512,\r\n            \"h\": 288,\r\n            \"url\": \"\/wp-content\/uploads\/sites\/2\/2024\/12\/datenbanken_prayer_wheels_mobil-512x288.jpg\"\r\n          },\r\n          \"_265\": {\r\n            \"w\": 265,\r\n            \"h\": 149,\r\n            \"url\": \"\/wp-content\/uploads\/sites\/2\/2024\/12\/datenbanken_prayer_wheels_mobil-265x149.jpg\"\r\n          }\r\n        }\r\n      }\r\n    },\r\n    {\r\n      \"relid\": 12\r\n    },\r\n    {\r\n      \"relid\": 13\r\n    },\r\n    {\r\n      \"relid\": 14\r\n    },\r\n    {\r\n      \"relid\": 15\r\n    }\r\n  ],\r\n  \"bgColor\": null,\r\n  \"bgImage\": null,\r\n  \"cont\": [\r\n    {\r\n      \"type\": \"img\",\r\n      \"cont\": \"\/wp-content\/uploads\/sites\/2\/2024\/12\/dmg_logo_sektion_indologie_sh.png\",\r\n      \"align\": \"bottom\",\r\n      \"row\": 0,\r\n      \"col\": 0,\r\n      \"colspan\": 1,\r\n      \"offsetx\": 0,\r\n      \"offsety\": 0,\r\n      \"spaceabove\": \"10\",\r\n      \"spacebelow\": \"10\",\r\n      \"yvel\": 1,\r\n      \"push\": 0,\r\n      \"relid\": 6,\r\n      \"attid\": 1677,\r\n      \"sizes\": {\r\n        \"full\": \"\/wp-content\/uploads\/sites\/2\/2024\/12\/dmg_logo_sektion_indologie_sh.png\",\r\n        \"_1280\": \"\/wp-content\/uploads\/sites\/2\/2024\/12\/dmg_logo_sektion_indologie_sh-1280x294.png\",\r\n        \"_1024\": \"\/wp-content\/uploads\/sites\/2\/2024\/12\/dmg_logo_sektion_indologie_sh-1024x236.png\",\r\n        \"_768\": \"\/wp-content\/uploads\/sites\/2\/2024\/12\/dmg_logo_sektion_indologie_sh-768x177.png\",\r\n        \"_512\": \"\/wp-content\/uploads\/sites\/2\/2024\/12\/dmg_logo_sektion_indologie_sh-512x118.png\",\r\n        \"_265\": \"\/wp-content\/uploads\/sites\/2\/2024\/12\/dmg_logo_sektion_indologie_sh-265x61.png\"\r\n      },\r\n      \"w\": 1600,\r\n      \"h\": 368,\r\n      \"ar\": 0.23,\r\n      \"alt\": \"\",\r\n      \"absolute_position\": false\r\n    },\r\n    {\r\n      \"type\": \"hr\",\r\n      \"cont\": \"\",\r\n      \"align\": \"bottom\",\r\n      \"row\": 1,\r\n      \"col\": 0,\r\n      \"colspan\": 1,\r\n      \"offsetx\": 0,\r\n      \"offsety\": 0,\r\n      \"spaceabove\": 0,\r\n      \"spacebelow\": 0,\r\n      \"yvel\": 1,\r\n      \"push\": 0,\r\n      \"relid\": 11,\r\n      \"absolute_position\": false,\r\n      \"zIndex\": 3,\r\n      \"classes\": \"deco-line\"\r\n    },\r\n    {\r\n      \"type\": \"text\",\r\n      \"cont\": \"<h1 class=\\\"_Headline\\\">Section Indology and South Asian Studies<\/h1><p class=\\\"_Default\\\"><span>Die Sektion Indologie und S\u00fcdasienstudien hat das Ziel, die Belange des Faches innerhalb der DMG und gemeinsam mit dem Vorstand der DMG gegen\u00fcber Hochschulen und politischen Stellen zu vertreten. Mit diesbez\u00fcglichen Fragen und Anliegen kann man sich jederzeit an den Sektionssprecher wenden. Beitrittsformulare und Informationen zum Beitritt findet man auf der\u00a0<a rel=\\\"noopener\\\" href=\\\"http:\/\/www.dmg-web.de\/\\\" target=\\\"_blank\\\">DMG-Homepage<\/a>.<br \/><\/span><span><br \/>Die Sektion hat derzeit 86 Mitglieder (Stand: 15. September 2025).<\/span><\/p>\",\r\n      \"align\": \"bottom\",\r\n      \"row\": 2,\r\n      \"col\": 0,\r\n      \"colspan\": 1,\r\n      \"offsetx\": 0,\r\n      \"offsety\": 0,\r\n      \"spaceabove\": 0,\r\n      \"spacebelow\": 0,\r\n      \"yvel\": 1,\r\n      \"push\": 0,\r\n      \"relid\": 3,\r\n      \"absolute_position\": false,\r\n      \"zIndex\": 0\r\n    },\r\n    {\r\n      \"type\": \"text\",\r\n      \"cont\": \"<h2 class=\\\"_Headline_2\\\"><span>Indologie<\/span><\/h2><p class=\\\"_Default\\\"><span>Indologie ist eine auf den indischen Kulturraum bezogene, prim\u00e4r historisch-philologisch arbeitende Erkenntniswissenschaft auf der Grundlage von Quellen.<\/span><\/p>\",\r\n      \"align\": \"bottom\",\r\n      \"row\": 3,\r\n      \"col\": 0,\r\n      \"colspan\": 1,\r\n      \"offsetx\": 0,\r\n      \"offsety\": 0,\r\n      \"spaceabove\": 0,\r\n      \"spacebelow\": 0,\r\n      \"yvel\": 1,\r\n      \"push\": 0,\r\n      \"relid\": 5,\r\n      \"absolute_position\": false\r\n    },\r\n    {\r\n      \"type\": \"text\",\r\n      \"cont\": \"<h2 class=\\\"_Headline_2\\\"><span>S\u00fcdasienstudien<\/span><\/h2><p class=\\\"_Default\\\"><span>S\u00fcdasienstudien bezeichnet Forschung auf der Basis von neusprachlichen Quellen aus der Region S\u00fcdasien sowie historische, ethnologische und gesellschaftswissenschaftliche Forschung, die sich anhand der jeweiligen disziplin\u00e4ren Methoden mit S\u00fcdasien besch\u00e4ftigt.<\/span><\/p>\",\r\n      \"align\": \"bottom\",\r\n      \"row\": 4,\r\n      \"col\": 0,\r\n      \"colspan\": 1,\r\n      \"offsetx\": 0,\r\n      \"offsety\": 0,\r\n      \"spaceabove\": 0,\r\n      \"spacebelow\": 0,\r\n      \"yvel\": 1,\r\n      \"push\": 0,\r\n      \"relid\": 8,\r\n      \"absolute_position\": false\r\n    }\r\n  ]\r\n}","_links":{"self":[{"href":"https:\/\/dmg-web.de\/sektion-indologie-suedasienstudien\/wp-json\/wp\/v2\/pages\/1703","targetHints":{"allow":["GET"]}}],"collection":[{"href":"https:\/\/dmg-web.de\/sektion-indologie-suedasienstudien\/wp-json\/wp\/v2\/pages"}],"about":[{"href":"https:\/\/dmg-web.de\/sektion-indologie-suedasienstudien\/wp-json\/wp\/v2\/types\/page"}],"author":[{"embeddable":true,"href":"https:\/\/dmg-web.de\/sektion-indologie-suedasienstudien\/wp-json\/wp\/v2\/users\/2"}],"replies":[{"embeddable":true,"href":"https:\/\/dmg-web.de\/sektion-indologie-suedasienstudien\/wp-json\/wp\/v2\/comments?post=1703"}],"version-history":[{"count":0,"href":"https:\/\/dmg-web.de\/sektion-indologie-suedasienstudien\/wp-json\/wp\/v2\/pages\/1703\/revisions"}],"wp:attachment":[{"href":"https:\/\/dmg-web.de\/sektion-indologie-suedasienstudien\/wp-json\/wp\/v2\/media?parent=1703"}],"curies":[{"name":"wp","href":"https:\/\/api.w.org\/{rel}","templated":true}]}}