{"id":119,"date":"2023-12-13T14:27:17","date_gmt":"2023-12-13T13:27:17","guid":{"rendered":"https:\/\/illustration.tada-o.de\/?page_id=119"},"modified":"2025-10-05T09:18:42","modified_gmt":"2025-10-05T07:18:42","slug":"home","status":"publish","type":"page","link":"https:\/\/dmg-web.de\/sektion-arabistik\/","title":{"rendered":"Home"},"content":{"rendered":"","protected":false},"excerpt":{"rendered":"","protected":false},"author":2,"featured_media":0,"parent":0,"menu_order":1,"comment_status":"closed","ping_status":"closed","template":"","meta":[],"class_list":["post-119","page","type-page","status-publish","hentry"],"grid":"{\r\n  \"colCount\": 3,\r\n  \"colGutter\": 2,\r\n  \"rowGutters\": [\r\n    2,\r\n    1\r\n  ],\r\n  \"frameMargin\": 5,\r\n  \"leftFrameMargin\": 15,\r\n  \"rightFrameMargin\": 0,\r\n  \"topFrameMargin\": 45,\r\n  \"mus\": {\r\n    \"colGutterMu\": \"%\",\r\n    \"rowGutterMu\": \"%\",\r\n    \"topFrameMu\": \"px\",\r\n    \"bottomFrameMu\": \"%\",\r\n    \"frameMu\": \"%\"\r\n  },\r\n  \"bottomFrameMargin\": 5,\r\n  \"rowAttrs\": [\r\n    {\r\n      \"bgimage\": {\r\n        \"attid\": 1785,\r\n        \"url\": \"\/wp-content\/uploads\/sites\/6\/2025\/04\/8472041940_39aa55ecb0_k_w_cr.jpg\",\r\n        \"sizes\": {\r\n          \"_1280\": {\r\n            \"w\": 1280,\r\n            \"h\": 447,\r\n            \"url\": \"\/wp-content\/uploads\/sites\/6\/2025\/04\/8472041940_39aa55ecb0_k_w_cr-1280x447.jpg\"\r\n          },\r\n          \"_1024\": {\r\n            \"w\": 1024,\r\n            \"h\": 358,\r\n            \"url\": \"\/wp-content\/uploads\/sites\/6\/2025\/04\/8472041940_39aa55ecb0_k_w_cr-1024x358.jpg\"\r\n          },\r\n          \"_768\": {\r\n            \"w\": 768,\r\n            \"h\": 268,\r\n            \"url\": \"\/wp-content\/uploads\/sites\/6\/2025\/04\/8472041940_39aa55ecb0_k_w_cr-768x268.jpg\"\r\n          },\r\n          \"_512\": {\r\n            \"w\": 512,\r\n            \"h\": 179,\r\n            \"url\": \"\/wp-content\/uploads\/sites\/6\/2025\/04\/8472041940_39aa55ecb0_k_w_cr-512x179.jpg\"\r\n          },\r\n          \"_265\": {\r\n            \"w\": 265,\r\n            \"h\": 93,\r\n            \"url\": \"\/wp-content\/uploads\/sites\/6\/2025\/04\/8472041940_39aa55ecb0_k_w_cr-265x93.jpg\"\r\n          }\r\n        }\r\n      },\r\n      \"row100vh\": false,\r\n      \"bgimageopacity\": 66.09,\r\n      \"relid\": 20\r\n    },\r\n    {\r\n      \"relid\": 10\r\n    },\r\n    {\r\n      \"relid\": 2\r\n    }\r\n  ],\r\n  \"bgColor\": null,\r\n  \"bgImage\": null,\r\n  \"cont\": [\r\n    {\r\n      \"type\": \"img\",\r\n      \"cont\": \"\/wp-content\/uploads\/sites\/6\/2025\/04\/dmg_logo_sektion_arabistik_shadow_1.png\",\r\n      \"align\": \"top\",\r\n      \"row\": 0,\r\n      \"col\": 0,\r\n      \"colspan\": 2,\r\n      \"offsetx\": 0,\r\n      \"offsety\": 0,\r\n      \"spaceabove\": 5,\r\n      \"spacebelow\": 5,\r\n      \"yvel\": 1,\r\n      \"push\": 0,\r\n      \"relid\": 7,\r\n      \"attid\": 1802,\r\n      \"sizes\": {\r\n        \"full\": \"\/wp-content\/uploads\/sites\/6\/2025\/04\/dmg_logo_sektion_arabistik_shadow_1.png\",\r\n        \"_1920\": \"\/wp-content\/uploads\/sites\/6\/2025\/04\/dmg_logo_sektion_arabistik_shadow_1-1920x408.png\",\r\n        \"_1280\": \"\/wp-content\/uploads\/sites\/6\/2025\/04\/dmg_logo_sektion_arabistik_shadow_1-1280x272.png\",\r\n        \"_1024\": \"\/wp-content\/uploads\/sites\/6\/2025\/04\/dmg_logo_sektion_arabistik_shadow_1-1024x218.png\",\r\n        \"_768\": \"\/wp-content\/uploads\/sites\/6\/2025\/04\/dmg_logo_sektion_arabistik_shadow_1-768x163.png\",\r\n        \"_512\": \"\/wp-content\/uploads\/sites\/6\/2025\/04\/dmg_logo_sektion_arabistik_shadow_1-512x109.png\",\r\n        \"_265\": \"\/wp-content\/uploads\/sites\/6\/2025\/04\/dmg_logo_sektion_arabistik_shadow_1-265x56.png\"\r\n      },\r\n      \"w\": 2000,\r\n      \"h\": 425,\r\n      \"ar\": 0.2125,\r\n      \"alt\": \"\",\r\n      \"absolute_position\": false,\r\n      \"lightboxoff\": true,\r\n      \"frameOverflow\": \"\"\r\n    },\r\n    {\r\n      \"type\": \"hr\",\r\n      \"cont\": \"\",\r\n      \"align\": \"top\",\r\n      \"row\": 1,\r\n      \"col\": 0,\r\n      \"colspan\": 1,\r\n      \"offsetx\": 0,\r\n      \"offsety\": 0,\r\n      \"spaceabove\": 0,\r\n      \"spacebelow\": 0,\r\n      \"yvel\": 1,\r\n      \"push\": 0,\r\n      \"relid\": 11,\r\n      \"absolute_position\": false,\r\n      \"zIndex\": 3,\r\n      \"classes\": \"deco-line\"\r\n    },\r\n    {\r\n      \"type\": \"stack\",\r\n      \"cont\": [\r\n        {\r\n          \"type\": \"text\",\r\n          \"cont\": \"<h1 class=\\\"_Headline\\\"><span>\u00dcber uns<\/span><\/h1><p style=\\\"font-weight: 400;\\\"><span>Die <strong>Arabistik<\/strong> hat als \u201aorientwissenschaftliche\u2018 Philologie in der deutschsprachigen Wissenschaftslandschaft eine wechselvolle Geschichte. Diese ist u. a. gepr\u00e4gt von dem Wandel im Fachverst\u00e4ndnis der Philologie, den heftigen Debatten um den Begriff Orient und die Wissenschaft der Orientalistik, der Entstehung regionalwissenschaftlicher Institute und interdisziplin\u00e4rer Forschungsprojekte und nicht zuletzt von politischen und gesellschaftlichen Entwicklungen infolge der Terroranschl\u00e4ge des 11. Septembers, des \u201aArabischen Fr\u00fchlings\u2018 und der Fluchtmigration. Vor diesem Hintergrund haben wir, eine Gruppe von Arabistinnen und Arabisten, die Sektion Arabistik innerhalb der Deutschen Morgenl\u00e4ndischen Gesellschaft gegr\u00fcndet, um mit Kolleginnen und Kollegen zu erarbeiten, was Arabistik heute ist und morgen sein k\u00f6nnte.\u00a0<\/span><\/p><p style=\\\"font-weight: 400;\\\"><span>Dabei geht es uns also nicht um eine normative Standortfixierung, sondern eine multivalente Perspektivenentwicklung, die unsere arabistische Wissenschaftspraxis in ihrer Vielfalt und Anschlussf\u00e4higkeit aufzeigt. Die Arabistik als Sprachwissenschaft, Literaturwissenschaft, Kulturwissenschaft und Fachdidaktik erh\u00e4lt in der Innen- und Au\u00dfenwahrnehmung deutlichere Konturen und gr\u00f6\u00dfere Sichtbarkeit. Dadurch soll das Fachpotential der Arabistik in der Zusammenarbeit mit den verwandten nah\u00f6stlichen F\u00e4chern wie Islamwissenschaft, Semitistik und Christlicher Orient, aber auch mit anderen geistes-, kultur- und sozialwissenschaftlichen F\u00e4chern wie Literatur-, Kultur-, Kunst- und Sprachwissenschaft sowie Philosophie, Medien-, Kommunikations-, Politik-, Sozial-, Erziehungs- und Geschichtswissenschaft besser zum Tragen kommen.\u00a0 <\/span><\/p><p style=\\\"font-weight: 400;\\\"><span>Mit der Sektion Arabistik m\u00f6chten wir konkret folgende Ziele verfolgen: <\/span><\/p><ul><li><span>eine kontinuierliche Fachdiskussion \u00fcber Standpunkte und Perspektiven der Arabistik in der deutschsprachigen Wissenschaftslandschaft <\/span><\/li><li><span>die Vernetzung von Kolleginnen und Kollegen, die auf dem Gebiet der Arabistik (aber auch in anderen Gebieten) als Studierende, Lehrende, Forschende und Organisierende t\u00e4tig sind -<\/span> <span>die gezielte F\u00f6rderung und Vernetzung des wissenschaftlichen Nachwuchses. <\/span><\/li><\/ul><p class=\\\"_Default\\\"><span style=\\\"font-weight: 400;\\\">Als Ma\u00dfnahmen dazu sind u. a. eine j\u00e4hrliche Tagung f\u00fcr und organisiert durch den wissenschaftlichen Nachwuchs, ein Forum f\u00fcr Fachdebatten sowie Aktivit\u00e4ten mit anderen Sektionen der DMG oder Fachgesellschaften verwandter geistes-, kultur- und sozialwissenschaftlicher F\u00e4cher angedacht.<span>\u00a0 <\/span><\/span><\/p>\",\r\n          \"align\": \"top\",\r\n          \"row\": -1,\r\n          \"col\": 0,\r\n          \"colspan\": 2,\r\n          \"offsetx\": 0,\r\n          \"offsety\": 0,\r\n          \"spaceabove\": 0,\r\n          \"spacebelow\": 0,\r\n          \"yvel\": 1,\r\n          \"push\": 0,\r\n          \"relid\": 3,\r\n          \"absolute_position\": false,\r\n          \"zIndex\": 0\r\n        }\r\n      ],\r\n      \"align\": \"top\",\r\n      \"row\": 2,\r\n      \"col\": 0,\r\n      \"colspan\": 2,\r\n      \"offsetx\": 0,\r\n      \"offsety\": 0,\r\n      \"spaceabove\": 0,\r\n      \"spacebelow\": 0,\r\n      \"yvel\": 1,\r\n      \"push\": 0,\r\n      \"relid\": 8,\r\n      \"absolute_position\": false\r\n    },\r\n    {\r\n      \"type\": \"news\",\r\n      \"cont\": \"\",\r\n      \"align\": \"top\",\r\n      \"row\": 2,\r\n      \"col\": 2,\r\n      \"colspan\": 1,\r\n      \"offsetx\": 0,\r\n      \"offsety\": 0,\r\n      \"spaceabove\": 0,\r\n      \"spacebelow\": 0,\r\n      \"yvel\": 1,\r\n      \"push\": 0,\r\n      \"relid\": 26,\r\n      \"config\": {\r\n        \"layout\": \"full\",\r\n        \"orderBy\": \"date\",\r\n        \"titleColor\": \"#000000\",\r\n        \"dateColor\": \"#000000\",\r\n        \"lineColor\": \"#FCFAF5\",\r\n        \"uniqueId\": 1731348665253,\r\n        \"title_textformat\": \"Default\",\r\n        \"show_title\": false,\r\n        \"date_textformat\": \"Default\",\r\n        \"excerpt_textformat\": \"Default\",\r\n        \"excerpt_spacetop\": 10,\r\n        \"separator_textformat\": \"Default\",\r\n        \"separator_text\": \"\u2013\",\r\n        \"separator_space\": 5,\r\n        \"line\": true,\r\n        \"space_below_line\": \"10\",\r\n        \"space_above_line\": \"10\",\r\n        \"show_separator\": false,\r\n        \"show_excerpt\": true,\r\n        \"show_date\": false,\r\n        \"date_format\": \"m.d.y\",\r\n        \"show_read_more\": true,\r\n        \"readmore_textformat\": \"Default\",\r\n        \"readmore_spacetop\": 0,\r\n        \"read_more_text\": \"Read more\u2026\",\r\n        \"read_more_underline\": true,\r\n        \"amount\": 0,\r\n        \"image_spaceright\": 10,\r\n        \"imageSpaceBottom\": 10,\r\n        \"show_date_first\": false,\r\n        \"cat_id\": 12,\r\n        \"desktop\": {\r\n          \"image_width\": 180,\r\n          \"colCount\": 4,\r\n          \"colGutter\": 20,\r\n          \"rowGutter\": 20,\r\n          \"colGutterMu\": \"px\",\r\n          \"rowGutterMu\": \"px\"\r\n        },\r\n        \"tablet\": {\r\n          \"image_width\": 150,\r\n          \"colCount\": 3,\r\n          \"colGutter\": 20,\r\n          \"rowGutter\": 20,\r\n          \"colGutterMu\": \"px\",\r\n          \"rowGutterMu\": \"px\"\r\n        },\r\n        \"phone\": {\r\n          \"image_width\": 100,\r\n          \"colCount\": 2,\r\n          \"colGutter\": 20,\r\n          \"rowGutter\": 20,\r\n          \"colGutterMu\": \"px\",\r\n          \"rowGutterMu\": \"px\"\r\n        },\r\n        \"columnsLayoutType\": \"top-aligned\",\r\n        \"showMoreButton\": false,\r\n        \"showMoreButtonStyle\": \"laybutton1\",\r\n        \"moreButtonText\": \"Load More\",\r\n        \"moreButtonAlignment\": \"center\",\r\n        \"moreButtonSpaceTop\": 10\r\n      },\r\n      \"absolute_position\": false,\r\n      \"classes\": \"bg-white pin-bar\"\r\n    }\r\n  ]\r\n}","phonegrid":"","_links":{"self":[{"href":"https:\/\/dmg-web.de\/sektion-arabistik\/wp-json\/wp\/v2\/pages\/119","targetHints":{"allow":["GET"]}}],"collection":[{"href":"https:\/\/dmg-web.de\/sektion-arabistik\/wp-json\/wp\/v2\/pages"}],"about":[{"href":"https:\/\/dmg-web.de\/sektion-arabistik\/wp-json\/wp\/v2\/types\/page"}],"author":[{"embeddable":true,"href":"https:\/\/dmg-web.de\/sektion-arabistik\/wp-json\/wp\/v2\/users\/2"}],"replies":[{"embeddable":true,"href":"https:\/\/dmg-web.de\/sektion-arabistik\/wp-json\/wp\/v2\/comments?post=119"}],"version-history":[{"count":0,"href":"https:\/\/dmg-web.de\/sektion-arabistik\/wp-json\/wp\/v2\/pages\/119\/revisions"}],"wp:attachment":[{"href":"https:\/\/dmg-web.de\/sektion-arabistik\/wp-json\/wp\/v2\/media?parent=119"}],"curies":[{"name":"wp","href":"https:\/\/api.w.org\/{rel}","templated":true}]}}